{"id":2261,"date":"2021-07-23T21:42:56","date_gmt":"2021-07-23T21:42:56","guid":{"rendered":"https:\/\/ipresto.net\/?post_type=product&#038;p=2261"},"modified":"2024-10-04T16:14:30","modified_gmt":"2024-10-04T16:14:30","slug":"limpiador-multiusos","status":"publish","type":"product","link":"https:\/\/ipresto.net\/en\/product\/limpiador-multiusos\/","title":{"rendered":"<b>MULTI-USE CLEANER<\/b>"},"content":{"rendered":"<p><strong>Code<\/strong> 0795<br \/>\n<strong>Display<\/strong> Bote 500 ml<\/p>\n<p><b>Materiales:<\/b><br \/>\nMetales, vidrio, piedra, cer\u00e1mica, hules, laminados y algunos pl\u00e1sticos. Se recomienda hacer una\u00a0peque\u00f1a prueba en los materiales antes de usar el producto.<\/p>\n<p>Ventajas:<\/p>\n<ul>\n<li>Limpia en una sola aplicaci\u00f3n<\/li>\n<li>No contiene solventes clorados<\/li>\n<li>No contiene \u00e1cidos ni soluciones alcalinas<\/li>\n<li>Elimina f\u00e1cilmente las manchas m\u00e1s dif\u00edciles sin dejar rastro<\/li>\n<\/ul>\n<p>&nbsp;<\/p>","protected":false},"excerpt":{"rendered":"<p><img loading=\"lazy\" decoding=\"async\" class=\"wp-image-268 size-medium aligncenter\" src=\"https:\/\/ipresto.net\/wp-content\/uploads\/2018\/07\/hidrolock-300x187.png\" alt=\"\" width=\"300\" height=\"187\" srcset=\"https:\/\/ipresto.net\/wp-content\/uploads\/2018\/07\/hidrolock-300x187.png 300w, https:\/\/ipresto.net\/wp-content\/uploads\/2018\/07\/hidrolock-400x250.png 400w, https:\/\/ipresto.net\/wp-content\/uploads\/2018\/07\/hidrolock.png 516w\" sizes=\"(max-width: 300px) 100vw, 300px\" \/><\/p>\n<h4><strong>Removes dirt, residue and stains<\/strong><\/h4>\n<p>Hidrolock\u00ae Multi-Purpose Cleaner is specially formulated to remove adhesives, grease and contaminants quickly and easily without damaging surfaces or skin.<\/p>","protected":false},"featured_media":2262,"comment_status":"closed","ping_status":"closed","template":"","meta":{"_et_pb_use_builder":"","_et_pb_old_content":"","_et_gb_content_width":""},"product_brand":[],"product_cat":[25],"product_tag":[],"class_list":{"0":"post-2261","1":"product","2":"type-product","3":"status-publish","4":"has-post-thumbnail","6":"product_cat-hidrolock","8":"first","9":"instock","10":"shipping-taxable","11":"product-type-simple"},"_links":{"self":[{"href":"https:\/\/ipresto.net\/en\/wp-json\/wp\/v2\/product\/2261","targetHints":{"allow":["GET"]}}],"collection":[{"href":"https:\/\/ipresto.net\/en\/wp-json\/wp\/v2\/product"}],"about":[{"href":"https:\/\/ipresto.net\/en\/wp-json\/wp\/v2\/types\/product"}],"replies":[{"embeddable":true,"href":"https:\/\/ipresto.net\/en\/wp-json\/wp\/v2\/comments?post=2261"}],"wp:featuredmedia":[{"embeddable":true,"href":"https:\/\/ipresto.net\/en\/wp-json\/wp\/v2\/media\/2262"}],"wp:attachment":[{"href":"https:\/\/ipresto.net\/en\/wp-json\/wp\/v2\/media?parent=2261"}],"wp:term":[{"taxonomy":"product_brand","embeddable":true,"href":"https:\/\/ipresto.net\/en\/wp-json\/wp\/v2\/product_brand?post=2261"},{"taxonomy":"product_cat","embeddable":true,"href":"https:\/\/ipresto.net\/en\/wp-json\/wp\/v2\/product_cat?post=2261"},{"taxonomy":"product_tag","embeddable":true,"href":"https:\/\/ipresto.net\/en\/wp-json\/wp\/v2\/product_tag?post=2261"}],"curies":[{"name":"wp","href":"https:\/\/api.w.org\/{rel}","templated":true}]}}