{"id":1789,"date":"2019-07-26T20:29:17","date_gmt":"2019-07-26T20:29:17","guid":{"rendered":"https:\/\/ipresto.net\/?post_type=product&#038;p=1789"},"modified":"2025-01-08T21:02:40","modified_gmt":"2025-01-08T21:02:40","slug":"imper-concreto","status":"publish","type":"product","link":"https:\/\/ipresto.net\/en\/product\/imper-concreto\/","title":{"rendered":"<b>IMPER CONCRETE<\/b>"},"content":{"rendered":"<p><strong>Presentaci\u00f3n<\/strong>:<br \/>\nSaco 25 Kg (<strong>COD. 0854<\/strong>)<br \/>\nCubeta 5Kg (<strong>COD. 0855<\/strong>)<\/p>\n<p><strong>Uses and applications<\/strong><\/p>\n<p>Hidrolock \u00ae Imper Concreto est\u00e1 recomendado para la impermeabilizaci\u00f3n total y definitiva de todo tipo de concretos y morteros. Por su alta resistencia al exterior y su inmejorable acabado, puede dejarse visto sin necesidad de pintarlo, consiguiendo las propiedades est\u00e9ticas y decorativas de otros acabados.<\/p>\n<p>Se aplica efectivamente en:<\/p>\n<ul>\n<li>Estructuras de concreto en general sujetas a presi\u00f3n de agua positiva o negativa: s\u00f3tanos, cimentaciones, fosos de ascensor, muros interiores o exteriores, etc.<\/li>\n<li>Albercas, estanques, fuentes y dep\u00f3sitos de agua<\/li>\n<li>Aljibes de agua potable<\/li>\n<li>Diversas obras de ingenier\u00eda civil: canales, presas, puentes, t\u00faneles y galer\u00edas, estaciones depuradoras y de tratamiento de aguas, etc.<\/li>\n<li>Impermeabilizaci\u00f3n de muros y soleras con humedades ascendentes por capilaridad.<\/li>\n<\/ul>\n<p>&nbsp;<\/p>","protected":false},"excerpt":{"rendered":"<p><img loading=\"lazy\" decoding=\"async\" class=\"wp-image-268 size-medium aligncenter\" src=\"https:\/\/ipresto.net\/wp-content\/uploads\/2018\/07\/hidrolock-300x187.png\" alt=\"\" width=\"300\" height=\"187\" srcset=\"https:\/\/ipresto.net\/wp-content\/uploads\/2018\/07\/hidrolock-300x187.png 300w, https:\/\/ipresto.net\/wp-content\/uploads\/2018\/07\/hidrolock-400x250.png 400w, https:\/\/ipresto.net\/wp-content\/uploads\/2018\/07\/hidrolock.png 516w\" sizes=\"(max-width: 300px) 100vw, 300px\" \/><\/p>\n<h4>Impermeabilizante hidrofugante para Concreto<\/h4>\n<p>Hidrolock \u00ae Imper Concreto is a cement-based, one-component hydraulic waterproofing agent, specially designed to penetrate and seal the capillary network of concrete through a series of chemical reactions that lead to the formation of insoluble crystals. It blocks the passage of water and works under pressure or counterpressure conditions without altering the water vapor exchange conditions of the concrete, thus allowing its natural transpiration.<\/p>","protected":false},"featured_media":1782,"comment_status":"closed","ping_status":"closed","template":"","meta":{"_et_pb_use_builder":"","_et_pb_old_content":"","_et_gb_content_width":""},"product_brand":[],"product_cat":[25],"product_tag":[],"class_list":{"0":"post-1789","1":"product","2":"type-product","3":"status-publish","4":"has-post-thumbnail","6":"product_cat-hidrolock","8":"first","9":"instock","10":"shipping-taxable","11":"product-type-simple"},"_links":{"self":[{"href":"https:\/\/ipresto.net\/en\/wp-json\/wp\/v2\/product\/1789","targetHints":{"allow":["GET"]}}],"collection":[{"href":"https:\/\/ipresto.net\/en\/wp-json\/wp\/v2\/product"}],"about":[{"href":"https:\/\/ipresto.net\/en\/wp-json\/wp\/v2\/types\/product"}],"replies":[{"embeddable":true,"href":"https:\/\/ipresto.net\/en\/wp-json\/wp\/v2\/comments?post=1789"}],"wp:featuredmedia":[{"embeddable":true,"href":"https:\/\/ipresto.net\/en\/wp-json\/wp\/v2\/media\/1782"}],"wp:attachment":[{"href":"https:\/\/ipresto.net\/en\/wp-json\/wp\/v2\/media?parent=1789"}],"wp:term":[{"taxonomy":"product_brand","embeddable":true,"href":"https:\/\/ipresto.net\/en\/wp-json\/wp\/v2\/product_brand?post=1789"},{"taxonomy":"product_cat","embeddable":true,"href":"https:\/\/ipresto.net\/en\/wp-json\/wp\/v2\/product_cat?post=1789"},{"taxonomy":"product_tag","embeddable":true,"href":"https:\/\/ipresto.net\/en\/wp-json\/wp\/v2\/product_tag?post=1789"}],"curies":[{"name":"wp","href":"https:\/\/api.w.org\/{rel}","templated":true}]}}