{"id":1746,"date":"2019-06-06T14:56:06","date_gmt":"2019-06-06T14:56:06","guid":{"rendered":"https:\/\/ipresto.net\/?post_type=product&#038;p=1746"},"modified":"2026-03-24T21:08:00","modified_gmt":"2026-03-24T21:08:00","slug":"presto-ms-polymer-one","status":"publish","type":"product","link":"https:\/\/ipresto.net\/en\/product\/presto-ms-polymer-one\/","title":{"rendered":"MS POLYMER ONE"},"content":{"rendered":"<p>&nbsp;<\/p>\n<table width=\"339\">\n<tbody>\n<tr>\n<td width=\"80\"><strong>Code<\/strong><\/td>\n<td width=\"80\"><strong>Container<\/strong><\/td>\n<td width=\"90\"><strong>Capacity<\/strong><\/td>\n<td width=\"89\"><strong>Pieces per box<\/strong><\/td>\n<\/tr>\n<tr>\n<td width=\"80\">5169<\/td>\n<td width=\"80\">Cubeta<\/td>\n<td width=\"90\">18 kgs<\/td>\n<td width=\"89\">1 piece<\/td>\n<\/tr>\n<tr>\n<td width=\"80\">5171<\/td>\n<td width=\"80\">Cubeta<\/td>\n<td width=\"90\">6 kgs<\/td>\n<td width=\"89\">1 piece<\/td>\n<\/tr>\n<tr>\n<td width=\"80\">5272<\/td>\n<td width=\"80\">Cartucho<\/td>\n<td width=\"90\">300 ml<\/td>\n<td width=\"89\">12 pieces<\/td>\n<\/tr>\n<\/tbody>\n<\/table>\n<p>&nbsp;<\/p>","protected":false},"excerpt":{"rendered":"<h4><strong>Pegamento flexible para pisos de madera.<\/strong><\/h4>\n<p>Pisos de madera, paneles FRP, pasto sint\u00e9tico, pisos con calefacci\u00f3n.<\/p>\n<p>El nuevo Presto MS Polymer One es un pegamento el\u00e1stico multiusos de \u00faltima generaci\u00f3n basado en la tecnolog\u00eda MS Polymer. Cura con la humedad ambiental y es libre de solventes y de agua.<br \/>\nIdeal para pegar: Duelas, parquet, pisos de ingenier\u00eda, pisos de bamb\u00fa, l\u00e1minas y paneles FRP y otros materiales prefabricados contra concreto, azulejo cer\u00e1mico, m\u00e1rmol, granito, terrazo, triplay, MDF, etc.<br \/>\nUsos y aplicaciones: se utiliza para la instalaci\u00f3n de pisos en zonas residenciales, zonas comerciales de alto tr\u00e1fico, pisos con calefacci\u00f3n, revestimiento de muros y la construcci\u00f3n en general.<\/p>\n<p><img loading=\"lazy\" decoding=\"async\" class=\"grow alignnone wp-image-1608\" title=\"Ecol\u00f3gico\" src=\"https:\/\/ipresto.net\/wp-content\/uploads\/2018\/09\/GRADO-DE-CONSTRUCCION.png\" alt=\"\" width=\"60\" height=\"66\" \/><img loading=\"lazy\" decoding=\"async\" class=\"grow alignnone wp-image-1599\" title=\"Ecol\u00f3gico\" src=\"https:\/\/ipresto.net\/wp-content\/uploads\/2018\/09\/alta-adherencia.png\" alt=\"\" width=\"60\" height=\"66\" \/><img loading=\"lazy\" decoding=\"async\" class=\"grow alignnone wp-image-1603\" title=\"Ecol\u00f3gico\" src=\"https:\/\/ipresto.net\/wp-content\/uploads\/2018\/09\/secado-rapido.png\" alt=\"\" width=\"60\" height=\"66\" \/><img loading=\"lazy\" decoding=\"async\" class=\"grow alignnone wp-image-1600\" title=\"Ecol\u00f3gico\" src=\"https:\/\/ipresto.net\/wp-content\/uploads\/2018\/09\/ecologico.png\" alt=\"\" width=\"60\" height=\"66\" \/><a href=\"https:\/\/ipresto.net\/wp-content\/uploads\/2024\/09\/HDT-PRESTO-MS-POLYMER-ONE.pdf\" target=\"_blank\" rel=\"noopener noreferrer\"><img loading=\"lazy\" decoding=\"async\" class=\"grow alignright wp-image-1697\" src=\"https:\/\/ipresto.net\/wp-content\/uploads\/2019\/02\/hoja-tecnica.png\" alt=\"\" width=\"177\" height=\"80\" \/><\/a><\/p>","protected":false},"featured_media":4678,"comment_status":"closed","ping_status":"closed","template":"","meta":{"_et_pb_use_builder":"","_et_pb_old_content":"","_et_gb_content_width":""},"product_brand":[],"product_cat":[28],"product_tag":[],"class_list":{"0":"post-1746","1":"product","2":"type-product","3":"status-publish","4":"has-post-thumbnail","6":"product_cat-pisos","8":"first","9":"instock","10":"shipping-taxable","11":"product-type-simple"},"_links":{"self":[{"href":"https:\/\/ipresto.net\/en\/wp-json\/wp\/v2\/product\/1746","targetHints":{"allow":["GET"]}}],"collection":[{"href":"https:\/\/ipresto.net\/en\/wp-json\/wp\/v2\/product"}],"about":[{"href":"https:\/\/ipresto.net\/en\/wp-json\/wp\/v2\/types\/product"}],"replies":[{"embeddable":true,"href":"https:\/\/ipresto.net\/en\/wp-json\/wp\/v2\/comments?post=1746"}],"wp:featuredmedia":[{"embeddable":true,"href":"https:\/\/ipresto.net\/en\/wp-json\/wp\/v2\/media\/4678"}],"wp:attachment":[{"href":"https:\/\/ipresto.net\/en\/wp-json\/wp\/v2\/media?parent=1746"}],"wp:term":[{"taxonomy":"product_brand","embeddable":true,"href":"https:\/\/ipresto.net\/en\/wp-json\/wp\/v2\/product_brand?post=1746"},{"taxonomy":"product_cat","embeddable":true,"href":"https:\/\/ipresto.net\/en\/wp-json\/wp\/v2\/product_cat?post=1746"},{"taxonomy":"product_tag","embeddable":true,"href":"https:\/\/ipresto.net\/en\/wp-json\/wp\/v2\/product_tag?post=1746"}],"curies":[{"name":"wp","href":"https:\/\/api.w.org\/{rel}","templated":true}]}}