{"id":1342,"date":"2018-09-20T18:48:21","date_gmt":"2018-09-20T18:48:21","guid":{"rendered":"https:\/\/ipresto.net\/producto\/import-placeholder-for-552\/"},"modified":"2024-09-18T17:24:10","modified_gmt":"2024-09-18T17:24:10","slug":"presto-speedy","status":"publish","type":"product","link":"https:\/\/ipresto.net\/en\/product\/presto-speedy\/","title":{"rendered":"PRESTO SPEEDY"},"content":{"rendered":"<table>\n<tbody>\n<tr>\n<td width=\"85\"><strong>Code<\/strong><\/td>\n<td width=\"85\"><strong>Container<\/strong><\/td>\n<td width=\"106\"><strong>Capacity<\/strong><\/td>\n<td width=\"104\"><strong>Pieces per box<\/strong><\/td>\n<\/tr>\n<tr>\n<td width=\"85\">2103<\/td>\n<td width=\"85\">Frasco con gotero<\/td>\n<td width=\"106\">3 grs<\/td>\n<td width=\"104\">60 piezas<\/td>\n<\/tr>\n<tr>\n<td width=\"85\">2120<\/td>\n<td width=\"85\">Frasco<\/td>\n<td width=\"106\">20 grs<\/td>\n<td width=\"104\">42 piezas<\/td>\n<\/tr>\n<tr>\n<td width=\"85\">2145<\/td>\n<td width=\"85\">Frasco CC245<\/td>\n<td width=\"106\">454 grs<\/td>\n<td width=\"104\">11 piezas<\/td>\n<\/tr>\n<\/tbody>\n<\/table>","protected":false},"excerpt":{"rendered":"<h4><strong>Pegamento instant\u00e1neo de alta tecnolog\u00eda<\/strong><\/h4>\n<p>Ideal para pegar con rapidez todo tipo de materiales.<\/p>\n<p>Pega en segundos superficies lisas y porosas. Pega: metales, hierro, loza, porcelana, cer\u00e1mica, cuero, corcho, piel, papel, cart\u00f3n, madera y algunos pl\u00e1sticos. Pr\u00e1ctico dosificador.<\/p>\n<p><img loading=\"lazy\" decoding=\"async\" class=\"grow alignnone wp-image-1603\" title=\"Secado r\u00e1pido\" src=\"https:\/\/ipresto.net\/wp-content\/uploads\/2018\/09\/secado-rapido.png\" alt=\"\" width=\"60\" height=\"66\" \/><a href=\"https:\/\/ipresto.net\/wp-content\/uploads\/2024\/09\/HDT-PRESTO-SPEEDY-20G.pdf\" target=\"_blank\" rel=\"noopener\"><img loading=\"lazy\" decoding=\"async\" class=\"grow alignright wp-image-1697\" src=\"https:\/\/ipresto.net\/wp-content\/uploads\/2019\/02\/hoja-tecnica.png\" alt=\"\" width=\"177\" height=\"80\" \/><\/a><\/p>","protected":false},"featured_media":1127,"comment_status":"closed","ping_status":"closed","template":"","meta":{"_et_pb_use_builder":"","_et_pb_old_content":"","_et_gb_content_width":""},"product_brand":[],"product_cat":[26],"product_tag":[],"class_list":{"0":"post-1342","1":"product","2":"type-product","3":"status-publish","4":"has-post-thumbnail","6":"product_cat-multiusos","8":"first","9":"instock","10":"shipping-taxable","11":"product-type-simple"},"_links":{"self":[{"href":"https:\/\/ipresto.net\/en\/wp-json\/wp\/v2\/product\/1342","targetHints":{"allow":["GET"]}}],"collection":[{"href":"https:\/\/ipresto.net\/en\/wp-json\/wp\/v2\/product"}],"about":[{"href":"https:\/\/ipresto.net\/en\/wp-json\/wp\/v2\/types\/product"}],"replies":[{"embeddable":true,"href":"https:\/\/ipresto.net\/en\/wp-json\/wp\/v2\/comments?post=1342"}],"wp:featuredmedia":[{"embeddable":true,"href":"https:\/\/ipresto.net\/en\/wp-json\/wp\/v2\/media\/1127"}],"wp:attachment":[{"href":"https:\/\/ipresto.net\/en\/wp-json\/wp\/v2\/media?parent=1342"}],"wp:term":[{"taxonomy":"product_brand","embeddable":true,"href":"https:\/\/ipresto.net\/en\/wp-json\/wp\/v2\/product_brand?post=1342"},{"taxonomy":"product_cat","embeddable":true,"href":"https:\/\/ipresto.net\/en\/wp-json\/wp\/v2\/product_cat?post=1342"},{"taxonomy":"product_tag","embeddable":true,"href":"https:\/\/ipresto.net\/en\/wp-json\/wp\/v2\/product_tag?post=1342"}],"curies":[{"name":"wp","href":"https:\/\/api.w.org\/{rel}","templated":true}]}}