{"id":1337,"date":"2018-09-20T18:48:21","date_gmt":"2018-09-20T18:48:21","guid":{"rendered":"https:\/\/ipresto.net\/producto\/import-placeholder-for-539\/"},"modified":"2026-03-24T21:48:13","modified_gmt":"2026-03-24T21:48:13","slug":"toro","status":"publish","type":"product","link":"https:\/\/ipresto.net\/en\/product\/toro\/","title":{"rendered":"BULL"},"content":{"rendered":"<table>\n<tbody>\n<tr>\n<td width=\"85\"><strong>Code<\/strong><\/td>\n<td width=\"85\"><strong>Container<\/strong><\/td>\n<td width=\"106\"><strong>Capacity<\/strong><\/td>\n<td width=\"104\"><strong>Pieces per box<\/strong><\/td>\n<\/tr>\n<tr>\n<td width=\"85\">8220<\/td>\n<td width=\"85\">Drum<\/td>\n<td width=\"106\">200 kgs<\/td>\n<td width=\"104\">1 piece<\/td>\n<\/tr>\n<tr>\n<td width=\"85\">8218<\/td>\n<td width=\"85\">Cubeta<\/td>\n<td width=\"106\">18 kgs<\/td>\n<td width=\"104\">1 piece<\/td>\n<\/tr>\n<tr>\n<td width=\"85\">8214<\/td>\n<td width=\"85\">Cubeta<\/td>\n<td width=\"106\">4 kgs<\/td>\n<td width=\"104\">1 piece<\/td>\n<\/tr>\n<tr>\n<td width=\"85\">8201<\/td>\n<td width=\"85\">Tarro<\/td>\n<td width=\"106\">1 kg<\/td>\n<td width=\"104\">12 pieces<\/td>\n<\/tr>\n<\/tbody>\n<\/table>","protected":false},"excerpt":{"rendered":"<h4><strong>Pegamento \/ Sellador<\/strong><\/h4>\n<h1>5&#215;1 Armatirol<\/h1>\n<p>El Pegamento \/ Sellador Toro\u00ae, es un l\u00edquido blanco de aspecto lechoso, de olor agradable.<br \/>\nToro\u00ae es un producto vin\u00edlico sumamente vers\u00e1til. Como pegamento blanco de tipo econ\u00f3mico se utiliza en la industria mueblera y en la manufactura de artesan\u00edas. Como sellador vin\u00edlico es utilizado ampliamente en la industria de la construcci\u00f3n cubriendo excelentemente las caracter\u00edsticas necesarias para funcionar como sellador vin\u00edlico 5 X 1.<\/p>\n<p><img loading=\"lazy\" decoding=\"async\" class=\"grow alignnone wp-image-1600\" title=\"Ecol\u00f3gico\" src=\"https:\/\/ipresto.net\/wp-content\/uploads\/2018\/09\/ecologico.png\" alt=\"\" width=\"60\" height=\"66\" \/> <img loading=\"lazy\" decoding=\"async\" class=\"grow alignnone wp-image-1605\" title=\"Pintable\" src=\"https:\/\/ipresto.net\/wp-content\/uploads\/2018\/09\/pintable.png\" alt=\"\" width=\"60\" height=\"66\" \/> <img loading=\"lazy\" decoding=\"async\" class=\"grow alignnone wp-image-1599\" title=\"Alta adherencia\" src=\"https:\/\/ipresto.net\/wp-content\/uploads\/2018\/09\/alta-adherencia.png\" alt=\"\" width=\"60\" height=\"66\" \/>\u00a0<img loading=\"lazy\" decoding=\"async\" class=\"grow alignnone wp-image-1608\" title=\"Grado construcci\u00f3n\" src=\"https:\/\/ipresto.net\/wp-content\/uploads\/2018\/09\/GRADO-DE-CONSTRUCCION.png\" alt=\"\" width=\"60\" height=\"66\" \/><a href=\"https:\/\/ipresto.net\/wp-content\/uploads\/2024\/09\/HDT-PRESTO-TORO.pdf\" target=\"_blank\" rel=\"noopener\"><img loading=\"lazy\" decoding=\"async\" class=\"grow alignright wp-image-1697\" src=\"https:\/\/ipresto.net\/wp-content\/uploads\/2019\/02\/hoja-tecnica.png\" alt=\"\" width=\"177\" height=\"80\" \/><\/a><\/p>","protected":false},"featured_media":4748,"comment_status":"closed","ping_status":"closed","template":"","meta":{"_et_pb_use_builder":"","_et_pb_old_content":"","_et_gb_content_width":""},"product_brand":[],"product_cat":[30],"product_tag":[],"class_list":{"0":"post-1337","1":"product","2":"type-product","3":"status-publish","4":"has-post-thumbnail","6":"product_cat-sellador-5x1","8":"first","9":"instock","10":"shipping-taxable","11":"product-type-simple"},"_links":{"self":[{"href":"https:\/\/ipresto.net\/en\/wp-json\/wp\/v2\/product\/1337","targetHints":{"allow":["GET"]}}],"collection":[{"href":"https:\/\/ipresto.net\/en\/wp-json\/wp\/v2\/product"}],"about":[{"href":"https:\/\/ipresto.net\/en\/wp-json\/wp\/v2\/types\/product"}],"replies":[{"embeddable":true,"href":"https:\/\/ipresto.net\/en\/wp-json\/wp\/v2\/comments?post=1337"}],"wp:featuredmedia":[{"embeddable":true,"href":"https:\/\/ipresto.net\/en\/wp-json\/wp\/v2\/media\/4748"}],"wp:attachment":[{"href":"https:\/\/ipresto.net\/en\/wp-json\/wp\/v2\/media?parent=1337"}],"wp:term":[{"taxonomy":"product_brand","embeddable":true,"href":"https:\/\/ipresto.net\/en\/wp-json\/wp\/v2\/product_brand?post=1337"},{"taxonomy":"product_cat","embeddable":true,"href":"https:\/\/ipresto.net\/en\/wp-json\/wp\/v2\/product_cat?post=1337"},{"taxonomy":"product_tag","embeddable":true,"href":"https:\/\/ipresto.net\/en\/wp-json\/wp\/v2\/product_tag?post=1337"}],"curies":[{"name":"wp","href":"https:\/\/api.w.org\/{rel}","templated":true}]}}