{"id":1331,"date":"2018-09-20T18:48:21","date_gmt":"2018-09-20T18:48:21","guid":{"rendered":"https:\/\/ipresto.net\/producto\/import-placeholder-for-504\/"},"modified":"2026-03-24T22:09:49","modified_gmt":"2026-03-24T22:09:49","slug":"presto-foam","status":"publish","type":"product","link":"https:\/\/ipresto.net\/en\/product\/presto-foam\/","title":{"rendered":"PRESTO FOAM"},"content":{"rendered":"<table>\n<tbody>\n<tr>\n<td width=\"85\">Code<\/td>\n<td width=\"85\">Container<\/td>\n<td width=\"106\">Capacity<\/td>\n<td width=\"104\">Pieces per box<\/td>\n<\/tr>\n<tr>\n<td width=\"85\">1075<\/td>\n<td width=\"85\">Bote<\/td>\n<td width=\"106\">750 ml<\/td>\n<td width=\"104\">12 pieces<\/td>\n<\/tr>\n<tr>\n<td width=\"85\">1030<\/td>\n<td width=\"85\">Bote<\/td>\n<td width=\"106\">300 ml<\/td>\n<td width=\"104\">12 pieces<\/td>\n<\/tr>\n<\/tbody>\n<\/table>\n<p>&nbsp;<\/p>","protected":false},"excerpt":{"rendered":"<h4><strong>Rellena y aisla, m\u00faltiples aplicaciones<\/strong><\/h4>\n<h1>Aislante t\u00e9rmico y ac\u00fastico<\/h1>\n<p>Espuma de poliuretano de excelentes propiedades t\u00e9rmicas y ac\u00fasticas, de m\u00faltiples aplicaciones: excelente para rellenar huecos en marcos de puertas y ventanas, separaci\u00f3n entre muros, unir varios materiales entre s\u00ed, proteger objetos fr\u00e1giles, etc.<\/p>\n<p>Tambi\u00e9n se puede utilizar en: tinas de hidromasaje, autom\u00f3viles, camiones y trailers, c\u00e1maras de refrigeraci\u00f3n, protecci\u00f3n de tuber\u00edas a bajas temperaturas, y muchas aplicaciones m\u00e1s. Una vez curado, se puede cortar, lijar, resanar y pintar.<\/p>\n<p><img loading=\"lazy\" decoding=\"async\" class=\"grow alignnone wp-image-1608\" title=\"Grado construcci\u00f3n\" src=\"https:\/\/ipresto.net\/wp-content\/uploads\/2018\/09\/GRADO-DE-CONSTRUCCION.png\" alt=\"\" width=\"60\" height=\"66\" \/>\u00a0<img loading=\"lazy\" decoding=\"async\" class=\"grow alignnone wp-image-1609\" title=\"Lijable\" src=\"https:\/\/ipresto.net\/wp-content\/uploads\/2018\/09\/LIJABLE.png\" alt=\"\" width=\"60\" height=\"66\" \/> <img loading=\"lazy\" decoding=\"async\" class=\"grow alignnone wp-image-1605\" title=\"Pintable\" src=\"https:\/\/ipresto.net\/wp-content\/uploads\/2018\/09\/pintable.png\" alt=\"\" width=\"60\" height=\"66\" \/><a href=\"https:\/\/ipresto.net\/wp-content\/uploads\/2024\/09\/HDT-PRESTO-FOAM.pdf\" target=\"_blank\" rel=\"noopener\"><img loading=\"lazy\" decoding=\"async\" class=\"grow alignright wp-image-1697\" src=\"https:\/\/ipresto.net\/wp-content\/uploads\/2019\/02\/hoja-tecnica.png\" alt=\"\" width=\"177\" height=\"80\" \/><\/a><\/p>","protected":false},"featured_media":4779,"comment_status":"closed","ping_status":"closed","template":"","meta":{"_et_pb_use_builder":"","_et_pb_old_content":"","_et_gb_content_width":""},"product_brand":[],"product_cat":[26],"product_tag":[],"class_list":{"0":"post-1331","1":"product","2":"type-product","3":"status-publish","4":"has-post-thumbnail","6":"product_cat-multiusos","8":"first","9":"instock","10":"shipping-taxable","11":"product-type-simple"},"_links":{"self":[{"href":"https:\/\/ipresto.net\/en\/wp-json\/wp\/v2\/product\/1331","targetHints":{"allow":["GET"]}}],"collection":[{"href":"https:\/\/ipresto.net\/en\/wp-json\/wp\/v2\/product"}],"about":[{"href":"https:\/\/ipresto.net\/en\/wp-json\/wp\/v2\/types\/product"}],"replies":[{"embeddable":true,"href":"https:\/\/ipresto.net\/en\/wp-json\/wp\/v2\/comments?post=1331"}],"wp:featuredmedia":[{"embeddable":true,"href":"https:\/\/ipresto.net\/en\/wp-json\/wp\/v2\/media\/4779"}],"wp:attachment":[{"href":"https:\/\/ipresto.net\/en\/wp-json\/wp\/v2\/media?parent=1331"}],"wp:term":[{"taxonomy":"product_brand","embeddable":true,"href":"https:\/\/ipresto.net\/en\/wp-json\/wp\/v2\/product_brand?post=1331"},{"taxonomy":"product_cat","embeddable":true,"href":"https:\/\/ipresto.net\/en\/wp-json\/wp\/v2\/product_cat?post=1331"},{"taxonomy":"product_tag","embeddable":true,"href":"https:\/\/ipresto.net\/en\/wp-json\/wp\/v2\/product_tag?post=1331"}],"curies":[{"name":"wp","href":"https:\/\/api.w.org\/{rel}","templated":true}]}}