{"id":1330,"date":"2018-09-20T18:48:20","date_gmt":"2018-09-20T18:48:20","guid":{"rendered":"https:\/\/ipresto.net\/producto\/import-placeholder-for-502\/"},"modified":"2026-03-24T21:45:48","modified_gmt":"2026-03-24T21:45:48","slug":"presto-tapa-goteras","status":"publish","type":"product","link":"https:\/\/ipresto.net\/en\/product\/presto-tapa-goteras\/","title":{"rendered":"PRESTO LEAKS COVER"},"content":{"rendered":"<table>\n<tbody>\n<tr>\n<td width=\"85\">Code<\/td>\n<td width=\"85\">Container<\/td>\n<td width=\"106\">Size<\/td>\n<td width=\"104\">Pieces per box<\/td>\n<\/tr>\n<tr>\n<td width=\"85\">3235<\/td>\n<td width=\"85\">Rollo<\/td>\n<td width=\"106\">1 m x 5 cm<\/td>\n<td width=\"104\">12 pieces<\/td>\n<\/tr>\n<tr>\n<td width=\"85\">3236<\/td>\n<td width=\"85\">Rollo<\/td>\n<td width=\"106\">1 m x 10 cm<\/td>\n<td width=\"104\">12 pieces<\/td>\n<\/tr>\n<\/tbody>\n<\/table>\n<p><strong>Color aluminio<\/strong><\/p>","protected":false},"excerpt":{"rendered":"<h4><strong>Soluciona problemas de filtraciones al instante<\/strong><\/h4>\n<p>RECOMENDADA AMPLIAMENTE PARA: Construcciones y reparaciones de impermeabilizaci\u00f3n sobre superficies como: asfalto, madera, metal, yeso, materiales pl\u00e1sticos, cemento, asbesto, espumas aislantes, fibrocemento, piedra, barro, hormig\u00f3n, cristal, ladrillo, superficies pintadas, etc.<\/p>\n<p>Puede usarse en superficies como: asfalto, metal, madera, materiales pl\u00e1sticos, cemento, concreto, ladrillo, yeso, tejas, espumas aislantes, fibrocemento, asbesto, cristal, hormig\u00f3n, barro, piedra, etc. Lista para usarse en grietas, zabaletas, uni\u00f3n de losas de concreto, uni\u00f3n de techos de l\u00e1minas de cualquier material. Muy f\u00e1cil aplicaci\u00f3n.<\/p>\n<p><img loading=\"lazy\" decoding=\"async\" class=\"grow alignnone wp-image-1604\" title=\"No se cristaliza\" src=\"https:\/\/ipresto.net\/wp-content\/uploads\/2018\/09\/NO-SE-CRISTALIZA.png\" alt=\"\" width=\"60\" height=\"66\" \/> <img loading=\"lazy\" decoding=\"async\" class=\"grow alignnone wp-image-1600\" title=\"Ecol\u00f3gico\" src=\"https:\/\/ipresto.net\/wp-content\/uploads\/2018\/09\/ecologico.png\" alt=\"\" width=\"60\" height=\"66\" \/> <a href=\"https:\/\/ipresto.net\/wp-content\/uploads\/2024\/09\/HDT-PRESTO-TAPA-GOTERAS.pdf\" target=\"_blank\" rel=\"noopener\"><img loading=\"lazy\" decoding=\"async\" class=\"grow alignright wp-image-1697\" src=\"https:\/\/ipresto.net\/wp-content\/uploads\/2019\/02\/hoja-tecnica.png\" alt=\"\" width=\"177\" height=\"80\" \/><\/a><\/p>","protected":false},"featured_media":4743,"comment_status":"closed","ping_status":"closed","template":"","meta":{"_et_pb_use_builder":"","_et_pb_old_content":"","_et_gb_content_width":""},"product_brand":[],"product_cat":[33],"product_tag":[],"class_list":{"0":"post-1330","1":"product","2":"type-product","3":"status-publish","4":"has-post-thumbnail","6":"product_cat-sistema-presto-termic","8":"first","9":"instock","10":"shipping-taxable","11":"product-type-simple"},"_links":{"self":[{"href":"https:\/\/ipresto.net\/en\/wp-json\/wp\/v2\/product\/1330","targetHints":{"allow":["GET"]}}],"collection":[{"href":"https:\/\/ipresto.net\/en\/wp-json\/wp\/v2\/product"}],"about":[{"href":"https:\/\/ipresto.net\/en\/wp-json\/wp\/v2\/types\/product"}],"replies":[{"embeddable":true,"href":"https:\/\/ipresto.net\/en\/wp-json\/wp\/v2\/comments?post=1330"}],"wp:featuredmedia":[{"embeddable":true,"href":"https:\/\/ipresto.net\/en\/wp-json\/wp\/v2\/media\/4743"}],"wp:attachment":[{"href":"https:\/\/ipresto.net\/en\/wp-json\/wp\/v2\/media?parent=1330"}],"wp:term":[{"taxonomy":"product_brand","embeddable":true,"href":"https:\/\/ipresto.net\/en\/wp-json\/wp\/v2\/product_brand?post=1330"},{"taxonomy":"product_cat","embeddable":true,"href":"https:\/\/ipresto.net\/en\/wp-json\/wp\/v2\/product_cat?post=1330"},{"taxonomy":"product_tag","embeddable":true,"href":"https:\/\/ipresto.net\/en\/wp-json\/wp\/v2\/product_tag?post=1330"}],"curies":[{"name":"wp","href":"https:\/\/api.w.org\/{rel}","templated":true}]}}