{"id":1329,"date":"2018-09-20T18:48:20","date_gmt":"2018-09-20T18:48:20","guid":{"rendered":"https:\/\/ipresto.net\/producto\/import-placeholder-for-498\/"},"modified":"2026-03-24T21:37:58","modified_gmt":"2026-03-24T21:37:58","slug":"presto-band","status":"publish","type":"product","link":"https:\/\/ipresto.net\/en\/product\/presto-band\/","title":{"rendered":"PRESTO BAND"},"content":{"rendered":"<table>\n<tbody>\n<tr>\n<td width=\"85\"><strong>Code<\/strong><\/td>\n<td width=\"85\"><strong>Container<\/strong><\/td>\n<td width=\"106\"><strong>Size<\/strong><\/td>\n<td width=\"104\"><strong>Pieces per box<\/strong><\/td>\n<\/tr>\n<tr>\n<td width=\"85\">3225<\/td>\n<td width=\"85\">Rollo<\/td>\n<td width=\"106\">25 cm x 10 mts<\/td>\n<td width=\"104\">4 pieces<\/td>\n<\/tr>\n<tr>\n<td width=\"85\">3220<\/td>\n<td width=\"85\">Rollo<\/td>\n<td width=\"106\">20 cm x 10 mts<\/td>\n<td width=\"104\">4 pieces<\/td>\n<\/tr>\n<tr>\n<td width=\"85\">3215<\/td>\n<td width=\"85\">Rollo<\/td>\n<td width=\"106\">15 cm x 10 mts<\/td>\n<td width=\"104\">4 pieces<\/td>\n<\/tr>\n<tr>\n<td width=\"85\">3210<\/td>\n<td width=\"85\">Rollo<\/td>\n<td width=\"106\">10 cm x 10 mts<\/td>\n<td width=\"104\">6 piezas<\/td>\n<\/tr>\n<tr>\n<td width=\"85\">3205<\/td>\n<td width=\"85\">Rollo<\/td>\n<td width=\"106\">5 cm x 10 mts<\/td>\n<td width=\"104\">12 pieces<\/td>\n<\/tr>\n<\/tbody>\n<\/table>\n<p><strong>Color aluminio<\/strong><\/p>","protected":false},"excerpt":{"rendered":"<h4><strong>Banda impermeabilizante autoadherible\u00a0<\/strong><\/h4>\n<p>La soluci\u00f3n definitiva a problemas de filtraciones en construcciones y reparaciones. Resiste temperaturas de -40\u00b0C hasta 100\u00b0C.<\/p>\n<p>Puede usarse en superficies como: asfalto, metal, madera, materiales pl\u00e1sticos, cemento, concreto, ladrillo, yeso, tejas, espumas aislantes, fibrocemento, asbesto, cristal, hormig\u00f3n, barro, piedra, etc. Lista para usarse en grietas, zabaletas, uni\u00f3n de losas de concreto, uni\u00f3n de techos de l\u00e1minas de cualquier material. Muy f\u00e1cil aplicaci\u00f3n.<\/p>\n<p><img loading=\"lazy\" decoding=\"async\" class=\"grow alignnone wp-image-1604\" title=\"No se cristaliza\" src=\"https:\/\/ipresto.net\/wp-content\/uploads\/2018\/09\/NO-SE-CRISTALIZA.png\" alt=\"\" width=\"60\" height=\"66\" \/> <img loading=\"lazy\" decoding=\"async\" class=\"grow alignnone wp-image-1600\" title=\"Ecol\u00f3gico\" src=\"https:\/\/ipresto.net\/wp-content\/uploads\/2018\/09\/ecologico.png\" alt=\"\" width=\"60\" height=\"66\" \/>\u00a0<img loading=\"lazy\" decoding=\"async\" class=\"grow alignnone wp-image-1608\" title=\"Grado construcci\u00f3n\" src=\"https:\/\/ipresto.net\/wp-content\/uploads\/2018\/09\/GRADO-DE-CONSTRUCCION.png\" alt=\"\" width=\"60\" height=\"66\" \/><a href=\"https:\/\/ipresto.net\/wp-content\/uploads\/2024\/09\/HDT-PRESTO-BAND.pdf\" target=\"_blank\" rel=\"noopener noreferrer\"><img loading=\"lazy\" decoding=\"async\" class=\"grow alignright wp-image-987\" src=\"http:\/\/www.victoriam.mx\/ipresto\/wp-content\/uploads\/2018\/07\/hoja-tecnica.png\" alt=\"\" width=\"177\" height=\"80\" \/><\/a><\/p>","protected":false},"featured_media":4729,"comment_status":"closed","ping_status":"closed","template":"","meta":{"_et_pb_use_builder":"","_et_pb_old_content":"","_et_gb_content_width":""},"product_brand":[],"product_cat":[33],"product_tag":[],"class_list":{"0":"post-1329","1":"product","2":"type-product","3":"status-publish","4":"has-post-thumbnail","6":"product_cat-sistema-presto-termic","8":"first","9":"instock","10":"shipping-taxable","11":"product-type-simple"},"_links":{"self":[{"href":"https:\/\/ipresto.net\/en\/wp-json\/wp\/v2\/product\/1329","targetHints":{"allow":["GET"]}}],"collection":[{"href":"https:\/\/ipresto.net\/en\/wp-json\/wp\/v2\/product"}],"about":[{"href":"https:\/\/ipresto.net\/en\/wp-json\/wp\/v2\/types\/product"}],"replies":[{"embeddable":true,"href":"https:\/\/ipresto.net\/en\/wp-json\/wp\/v2\/comments?post=1329"}],"wp:featuredmedia":[{"embeddable":true,"href":"https:\/\/ipresto.net\/en\/wp-json\/wp\/v2\/media\/4729"}],"wp:attachment":[{"href":"https:\/\/ipresto.net\/en\/wp-json\/wp\/v2\/media?parent=1329"}],"wp:term":[{"taxonomy":"product_brand","embeddable":true,"href":"https:\/\/ipresto.net\/en\/wp-json\/wp\/v2\/product_brand?post=1329"},{"taxonomy":"product_cat","embeddable":true,"href":"https:\/\/ipresto.net\/en\/wp-json\/wp\/v2\/product_cat?post=1329"},{"taxonomy":"product_tag","embeddable":true,"href":"https:\/\/ipresto.net\/en\/wp-json\/wp\/v2\/product_tag?post=1329"}],"curies":[{"name":"wp","href":"https:\/\/api.w.org\/{rel}","templated":true}]}}