{"id":1324,"date":"2018-09-20T18:48:20","date_gmt":"2018-09-20T18:48:20","guid":{"rendered":"https:\/\/ipresto.net\/producto\/import-placeholder-for-474\/"},"modified":"2026-03-24T21:11:38","modified_gmt":"2026-03-24T21:11:38","slug":"presto-flux","status":"publish","type":"product","link":"https:\/\/ipresto.net\/en\/product\/presto-flux\/","title":{"rendered":"PRESTO FLUX"},"content":{"rendered":"<table>\n<tbody>\n<tr>\n<td width=\"85\"><strong>Code<\/strong><\/td>\n<td width=\"85\"><strong>Container<\/strong><\/td>\n<td width=\"85\"><strong>Capacity<\/strong><\/td>\n<td width=\"103\"><strong>Pieces per box<\/strong><\/td>\n<\/tr>\n<tr>\n<td width=\"85\">0965<\/td>\n<td width=\"85\">Tarro<\/td>\n<td width=\"85\">500 ml<\/td>\n<td width=\"103\">24 pieces<\/td>\n<\/tr>\n<tr>\n<td width=\"85\">0968<\/td>\n<td width=\"85\">Tarro<\/td>\n<td width=\"85\">300 ml<\/td>\n<td width=\"103\">40 piezas<\/td>\n<\/tr>\n<tr>\n<td width=\"85\">0967<\/td>\n<td width=\"85\">Tarro<\/td>\n<td width=\"85\">100 ml<\/td>\n<td width=\"103\">45 piezas<\/td>\n<\/tr>\n<tr>\n<td width=\"85\">0966<\/td>\n<td width=\"85\">Tarro<\/td>\n<td width=\"85\">60 ml<\/td>\n<td width=\"103\">45 piezas<\/td>\n<\/tr>\n<\/tbody>\n<\/table>\n<p>&nbsp;<\/p>","protected":false},"excerpt":{"rendered":"<h4><strong>Pasta para soldar de \u00faltima generaci\u00f3n<\/strong><\/h4>\n<h1>Soluble al agua. No requiere lijar.<\/h1>\n<p>Nueva generaci\u00f3n 100% ecol\u00f3gica, sin plomo. No requiere lijarse. Para soldar materiales met\u00e1licos como: cobre, lat\u00f3n y zinc. Alto desempe\u00f1o.<\/p>\n<p><img loading=\"lazy\" decoding=\"async\" class=\"grow alignnone wp-image-1600\" title=\"Ecol\u00f3gico\" src=\"https:\/\/ipresto.net\/wp-content\/uploads\/2018\/09\/ecologico.png\" alt=\"\" width=\"60\" height=\"66\" \/> <img loading=\"lazy\" decoding=\"async\" class=\"grow alignnone wp-image-1610\" title=\"Base agua\" src=\"https:\/\/ipresto.net\/wp-content\/uploads\/2018\/09\/BASE-AGUA.png\" alt=\"\" width=\"60\" height=\"66\" \/><a href=\"https:\/\/ipresto.net\/wp-content\/uploads\/2024\/09\/HDT-PRESTO-FLUX.pdf\" target=\"_blank\" rel=\"noopener\"><img loading=\"lazy\" decoding=\"async\" class=\"grow alignright wp-image-1697\" src=\"https:\/\/ipresto.net\/wp-content\/uploads\/2019\/02\/hoja-tecnica.png\" alt=\"\" width=\"177\" height=\"80\" \/><\/a><\/p>","protected":false},"featured_media":4685,"comment_status":"closed","ping_status":"closed","template":"","meta":{"_et_pb_use_builder":"","_et_pb_old_content":"","_et_gb_content_width":""},"product_brand":[],"product_cat":[29],"product_tag":[],"class_list":{"0":"post-1324","1":"product","2":"type-product","3":"status-publish","4":"has-post-thumbnail","6":"product_cat-plomeria","8":"first","9":"instock","10":"shipping-taxable","11":"product-type-simple"},"_links":{"self":[{"href":"https:\/\/ipresto.net\/en\/wp-json\/wp\/v2\/product\/1324","targetHints":{"allow":["GET"]}}],"collection":[{"href":"https:\/\/ipresto.net\/en\/wp-json\/wp\/v2\/product"}],"about":[{"href":"https:\/\/ipresto.net\/en\/wp-json\/wp\/v2\/types\/product"}],"replies":[{"embeddable":true,"href":"https:\/\/ipresto.net\/en\/wp-json\/wp\/v2\/comments?post=1324"}],"wp:featuredmedia":[{"embeddable":true,"href":"https:\/\/ipresto.net\/en\/wp-json\/wp\/v2\/media\/4685"}],"wp:attachment":[{"href":"https:\/\/ipresto.net\/en\/wp-json\/wp\/v2\/media?parent=1324"}],"wp:term":[{"taxonomy":"product_brand","embeddable":true,"href":"https:\/\/ipresto.net\/en\/wp-json\/wp\/v2\/product_brand?post=1324"},{"taxonomy":"product_cat","embeddable":true,"href":"https:\/\/ipresto.net\/en\/wp-json\/wp\/v2\/product_cat?post=1324"},{"taxonomy":"product_tag","embeddable":true,"href":"https:\/\/ipresto.net\/en\/wp-json\/wp\/v2\/product_tag?post=1324"}],"curies":[{"name":"wp","href":"https:\/\/api.w.org\/{rel}","templated":true}]}}