{"id":1319,"date":"2018-09-20T18:48:17","date_gmt":"2018-09-20T18:48:17","guid":{"rendered":"https:\/\/ipresto.net\/producto\/import-placeholder-for-443\/"},"modified":"2025-11-03T17:39:16","modified_gmt":"2025-11-03T17:39:16","slug":"pvc-presto","status":"publish","type":"product","link":"https:\/\/ipresto.net\/en\/product\/pvc-presto\/","title":{"rendered":"PVC PRESTO"},"content":{"rendered":"<p>[et_pb_section fb_built=\u00bb1&#8243; _builder_version=\u00bb4.16&#8243; custom_padding=\u00bb0px||||false|false\u00bb global_colors_info=\u00bb{}\u00bb][et_pb_row _builder_version=\u00bb4.16&#8243; background_size=\u00bbinitial\u00bb background_position=\u00bbtop_left\u00bb background_repeat=\u00bbrepeat\u00bb width=\u00bb100%\u00bb custom_padding=\u00bb0px||0px||false|false\u00bb global_colors_info=\u00bb{}\u00bb][et_pb_column type=\u00bb4_4&#8243; _builder_version=\u00bb4.16&#8243; custom_padding=\u00bb|||\u00bb global_colors_info=\u00bb{}\u00bb custom_padding__hover=\u00bb|||\u00bb][et_pb_wc_breadcrumb _builder_version=\u00bb4.16&#8243; global_colors_info=\u00bb{}\u00bb][\/et_pb_wc_breadcrumb][et_pb_wc_cart_notice _builder_version=\u00bb4.16&#8243; global_colors_info=\u00bb{}\u00bb][\/et_pb_wc_cart_notice][\/et_pb_column][\/et_pb_row][et_pb_row column_structure=\u00bb1_2,1_2&#8243; _builder_version=\u00bb4.16&#8243; background_size=\u00bbinitial\u00bb background_position=\u00bbtop_left\u00bb background_repeat=\u00bbrepeat\u00bb width=\u00bb100%\u00bb custom_padding=\u00bb0px||||false|false\u00bb global_colors_info=\u00bb{}\u00bb][et_pb_column type=\u00bb1_2&#8243; _builder_version=\u00bb4.16&#8243; custom_padding=\u00bb|||\u00bb global_colors_info=\u00bb{}\u00bb custom_padding__hover=\u00bb|||\u00bb][et_pb_wc_images _builder_version=\u00bb4.19.5&#8243; hover_enabled=\u00bb0&#8243; global_colors_info=\u00bb{}\u00bb sticky_enabled=\u00bb0&#8243;][\/et_pb_wc_images][\/et_pb_column][et_pb_column type=\u00bb1_2&#8243; _builder_version=\u00bb4.16&#8243; custom_padding=\u00bb|||\u00bb global_colors_info=\u00bb{}\u00bb custom_padding__hover=\u00bb|||\u00bb][et_pb_wc_title _builder_version=\u00bb4.16&#8243; global_colors_info=\u00bb{}\u00bb][\/et_pb_wc_title][et_pb_wc_rating _builder_version=\u00bb4.16&#8243; global_colors_info=\u00bb{}\u00bb][\/et_pb_wc_rating][et_pb_wc_price _builder_version=\u00bb4.16&#8243; global_colors_info=\u00bb{}\u00bb][\/et_pb_wc_price][et_pb_wc_description _builder_version=\u00bb4.16&#8243; global_colors_info=\u00bb{}\u00bb][\/et_pb_wc_description][et_pb_wc_add_to_cart _builder_version=\u00bb4.16&#8243; global_colors_info=\u00bb{}\u00bb][\/et_pb_wc_add_to_cart][et_pb_wc_meta _builder_version=\u00bb4.16&#8243; global_colors_info=\u00bb{}\u00bb][\/et_pb_wc_meta][\/et_pb_column][\/et_pb_row][et_pb_row _builder_version=\u00bb4.16&#8243; background_size=\u00bbinitial\u00bb background_position=\u00bbtop_left\u00bb background_repeat=\u00bbrepeat\u00bb width=\u00bb100%\u00bb global_colors_info=\u00bb{}\u00bb][et_pb_column type=\u00bb4_4&#8243; _builder_version=\u00bb4.16&#8243; custom_padding=\u00bb|||\u00bb global_colors_info=\u00bb{}\u00bb custom_padding__hover=\u00bb|||\u00bb][et_pb_wc_tabs _builder_version=\u00bb4.16&#8243; global_colors_info=\u00bb{}\u00bb]\t\t\t\t\t[\/et_pb_wc_tabs][et_pb_wc_upsells _builder_version=\u00bb4.16&#8243; global_colors_info=\u00bb{}\u00bb][\/et_pb_wc_upsells][et_pb_wc_related_products _builder_version=\u00bb4.16&#8243; global_colors_info=\u00bb{}\u00bb][\/et_pb_wc_related_products][\/et_pb_column][\/et_pb_row][\/et_pb_section]<\/p>","protected":false},"excerpt":{"rendered":"<h4><strong>Para tuber\u00edas y conexiones hidr\u00e1ulicas<\/strong><\/h4>\n<h1>Alta y baja Presi\u00f3n, para instalaciones profesionales.<\/h1>\n<p>Extraordinario pegamento especialmente formulado para la uni\u00f3n permanente de: tuber\u00edas, conexiones, todo tipo de acoplamientos de PVC r\u00edgido, calibrados y no calibrados, alta y baja presi\u00f3n c\u00e9dula 40 y 80 hasta 8\u201d, de secado r\u00e1pido.<\/p>\n<p>Aplicaciones: Tuber\u00eda hidr\u00e1ulica, sanitaria, agua potable, drenaje, conduit PVC.<\/p>\n<p><img loading=\"lazy\" decoding=\"async\" class=\"grow alignnone wp-image-1606\" title=\"Base solvente\" src=\"https:\/\/ipresto.net\/wp-content\/uploads\/2018\/09\/base-solvente.png\" alt=\"\" width=\"60\" height=\"66\" \/> <img loading=\"lazy\" decoding=\"async\" class=\"grow alignnone wp-image-1603\" title=\"Secado r\u00e1pido\" src=\"https:\/\/ipresto.net\/wp-content\/uploads\/2018\/09\/secado-rapido.png\" alt=\"\" width=\"60\" height=\"66\" \/><a href=\"https:\/\/ipresto.net\/wp-content\/uploads\/2024\/09\/HDT-PVC-PRESTO.pdf\" target=\"_blank\" rel=\"noopener\"><img loading=\"lazy\" decoding=\"async\" class=\"grow alignright wp-image-1697\" src=\"https:\/\/ipresto.net\/wp-content\/uploads\/2019\/02\/hoja-tecnica.png\" alt=\"\" width=\"177\" height=\"80\" \/><\/a><\/p>","protected":false},"featured_media":3998,"comment_status":"closed","ping_status":"closed","template":"","meta":{"_et_pb_use_builder":"on","_et_pb_old_content":"<table width=\"419\">\r\n<tbody>\r\n<tr>\r\n<td width=\"80\"><strong>C\u00f3digo<\/strong><\/td>\r\n<td width=\"80\"><strong>Envase<\/strong><\/td>\r\n<td width=\"90\"><strong>Capacidad<\/strong><\/td>\r\n<td width=\"89\"><strong>Piezas por caja<\/strong><\/td>\r\n<td width=\"80\"><strong>Caja master<\/strong><\/td>\r\n<\/tr>\r\n<tr>\r\n<td width=\"80\">0901<\/td>\r\n<td width=\"80\">Lata<\/td>\r\n<td width=\"90\">946 ml<\/td>\r\n<td width=\"89\">12 piezas<\/td>\r\n<td width=\"80\">48 piezas<\/td>\r\n<\/tr>\r\n<tr>\r\n<td width=\"80\">0902<\/td>\r\n<td width=\"80\">Lata<\/td>\r\n<td width=\"90\">473 ml<\/td>\r\n<td width=\"89\">12 piezas<\/td>\r\n<td width=\"80\">48 piezas<\/td>\r\n<\/tr>\r\n<tr>\r\n<td width=\"80\">0904<\/td>\r\n<td width=\"80\">Lata<\/td>\r\n<td width=\"90\">236 ml<\/td>\r\n<td width=\"89\">24 piezas<\/td>\r\n<td width=\"80\">96 piezas<\/td>\r\n<\/tr>\r\n<tr>\r\n<td width=\"80\">0908<\/td>\r\n<td width=\"80\">Lata<\/td>\r\n<td width=\"90\">118 ml<\/td>\r\n<td width=\"89\">24 piezas<\/td>\r\n<td width=\"80\">96 piezas<\/td>\r\n<\/tr>\r\n<tr>\r\n<td width=\"80\">0906<\/td>\r\n<td width=\"80\">Tubo<\/td>\r\n<td width=\"90\">60 ml<\/td>\r\n<td width=\"89\">30 piezas<\/td>\r\n<td width=\"80\">120 piezas<\/td>\r\n<\/tr>\r\n<\/tbody>\r\n<\/table>\r\n&nbsp;","_et_gb_content_width":""},"product_brand":[],"product_cat":[29],"product_tag":[],"class_list":{"0":"post-1319","1":"product","2":"type-product","3":"status-publish","4":"has-post-thumbnail","6":"product_cat-plomeria","8":"first","9":"instock","10":"shipping-taxable","11":"product-type-simple"},"_links":{"self":[{"href":"https:\/\/ipresto.net\/en\/wp-json\/wp\/v2\/product\/1319","targetHints":{"allow":["GET"]}}],"collection":[{"href":"https:\/\/ipresto.net\/en\/wp-json\/wp\/v2\/product"}],"about":[{"href":"https:\/\/ipresto.net\/en\/wp-json\/wp\/v2\/types\/product"}],"replies":[{"embeddable":true,"href":"https:\/\/ipresto.net\/en\/wp-json\/wp\/v2\/comments?post=1319"}],"wp:featuredmedia":[{"embeddable":true,"href":"https:\/\/ipresto.net\/en\/wp-json\/wp\/v2\/media\/3998"}],"wp:attachment":[{"href":"https:\/\/ipresto.net\/en\/wp-json\/wp\/v2\/media?parent=1319"}],"wp:term":[{"taxonomy":"product_brand","embeddable":true,"href":"https:\/\/ipresto.net\/en\/wp-json\/wp\/v2\/product_brand?post=1319"},{"taxonomy":"product_cat","embeddable":true,"href":"https:\/\/ipresto.net\/en\/wp-json\/wp\/v2\/product_cat?post=1319"},{"taxonomy":"product_tag","embeddable":true,"href":"https:\/\/ipresto.net\/en\/wp-json\/wp\/v2\/product_tag?post=1319"}],"curies":[{"name":"wp","href":"https:\/\/api.w.org\/{rel}","templated":true}]}}