{"id":1318,"date":"2018-09-20T18:48:17","date_gmt":"2018-09-20T18:48:17","guid":{"rendered":"https:\/\/ipresto.net\/producto\/import-placeholder-for-441\/"},"modified":"2026-03-17T15:34:09","modified_gmt":"2026-03-17T15:34:09","slug":"cinta-antiderrapante-de-seguridad","status":"publish","type":"product","link":"https:\/\/ipresto.net\/en\/product\/cinta-antiderrapante-de-seguridad\/","title":{"rendered":"Cinta Antiderrapante de Seguridad"},"content":{"rendered":"<h4>Presentaciones<\/h4>\n<table class=\"tabla-productos\">\n<thead>\n<tr>\n<th>Code<\/th>\n<th>Container<\/th>\n<th>Capacidad \/ Color<\/th>\n<th>Pieces per box<\/th>\n<\/tr>\n<\/thead>\n<tbody>\n<tr>\n<td>3162<\/td>\n<td>Rollo<\/td>\n<td>9.15 mts x 2&#8243;<\/td>\n<td width=\"89\">12 pieces<\/td>\n<\/tr>\n<tr>\n<td>3161<\/td>\n<td>Rollo<\/td>\n<td>9.15 mts x 1&#8243;<\/td>\n<td>12 pieces<\/td>\n<\/tr>\n<\/tbody>\n<\/table>","protected":false},"excerpt":{"rendered":"<h5>Abrasive Coated Vinyl Tape<\/h5>\n<p>La <strong>Cinta Antiderrapante de Seguridad<\/strong> est\u00e1 fabricada con minerales finamente molidos y adheridos de forma permanente a una banda el\u00e1stica de gran resistencia al desgarre. Superficie antiderrapante de m\u00e1xima resistencia antideslizante que no dificulta el caminar normal. Banda pl\u00e1stica de alta resistencia, flexible y tan resistente que no se rompe ni se agrieta con el paso del tiempo.<\/p>\n<h5>Ventajas<\/h5>\n<ul>\n<li>Previene tropezarse, no atora tacones o las orillas del zapato.<\/li>\n<li>No se despega, a\u00fan en \u00e1reas de mucho tr\u00e1fico.<\/li>\n<li>Alta resistencia al agua, alcoholes y detergentes.<\/li>\n<li>Resiste desde 7\u00baC hasta 66\u00baC.<\/li>\n<li>Duraci\u00f3n en \u00e1reas de tr\u00e1fico normal, 3 a\u00f1os.<\/li>\n<\/ul>\n<p><img loading=\"lazy\" decoding=\"async\" class=\"grow alignnone wp-image-1599\" title=\"Alta adherencia\" src=\"https:\/\/ipresto.net\/wp-content\/uploads\/2018\/09\/alta-adherencia.png\" alt=\"\" width=\"60\" height=\"66\" \/><img loading=\"lazy\" decoding=\"async\" class=\"grow alignnone wp-image-1600\" title=\"Ecologico\" src=\"https:\/\/ipresto.net\/wp-content\/uploads\/2018\/09\/ecologico.png\" alt=\"\" width=\"60\" height=\"66\" \/><\/p>\n<div class=\"acordeon-seguridad\">\n<details>\n<h5>Uses and applications<\/h5>\n<p>&nbsp;<\/p>\n<div class=\"contenido-acordeon\">Pisos, escaleras, rampas de carga, escaleras port\u00e1tiles, veh\u00edculos, patinetas, tablas de surf, ba\u00f1os y un sin n\u00faero de aplicaciones.<\/div>\n<\/details>\n<details>\n<h5>Almacenamiento<\/h5>\n<p>&nbsp;<\/p>\n<div class=\"contenido-acordeon\">Pisos, escaleras, rampas de carga, escaleras port\u00e1tiles, veh\u00edculos, patinetas, tablas de surf, ba\u00f1os y un sin n\u00faero de aplicaciones.<\/div>\n<\/details>\n<details>\n<h5>Colores<\/h5>\n<p>&nbsp;<\/p>\n<div class=\"contenido-acordeon\">\n<div style=\"display: flex; align-items: center; white-space: nowrap; margin: 10px;\">\n<div style=\"width: 15px; height: 15px; border-radius: 12px; background-color: #000000; display: inline-block; margin-right: 10px; box-sizing: content-box;\"><\/div>\n<p><span style=\"font-family: sans-serif; font-size: 16px;\">Negro<\/span><\/p>\n<\/div>\n<\/div>\n<\/details>\n<details>\n<h5>Ficha T\u00e9cnica<\/h5>\n<p>&nbsp;<\/p>\n<div class=\"contenido-acordeon\"><a href=\"https:\/\/ipresto.net\/wp-content\/uploads\/2024\/09\/HDT-CINTA-ANTIDERRAPANTE-DE-SEGURIDAD.pdf\" class=\"pdfemb-viewer\" style=\"\" data-width=\"max\" data-height=\"max\" data-toolbar=\"bottom\" data-toolbar-fixed=\"off\">HDT-CINTA-ANTIDERRAPANTE-DE-SEGURIDAD<\/a><\/div>\n<\/details>\n<\/div>","protected":false},"featured_media":4619,"comment_status":"closed","ping_status":"closed","template":"","meta":{"_et_pb_use_builder":"","_et_pb_old_content":"","_et_gb_content_width":""},"product_brand":[],"product_cat":[22],"product_tag":[],"class_list":{"0":"post-1318","1":"product","2":"type-product","3":"status-publish","4":"has-post-thumbnail","6":"product_cat-autoadheribles","8":"first","9":"instock","10":"shipping-taxable","11":"product-type-simple"},"_links":{"self":[{"href":"https:\/\/ipresto.net\/en\/wp-json\/wp\/v2\/product\/1318","targetHints":{"allow":["GET"]}}],"collection":[{"href":"https:\/\/ipresto.net\/en\/wp-json\/wp\/v2\/product"}],"about":[{"href":"https:\/\/ipresto.net\/en\/wp-json\/wp\/v2\/types\/product"}],"replies":[{"embeddable":true,"href":"https:\/\/ipresto.net\/en\/wp-json\/wp\/v2\/comments?post=1318"}],"wp:featuredmedia":[{"embeddable":true,"href":"https:\/\/ipresto.net\/en\/wp-json\/wp\/v2\/media\/4619"}],"wp:attachment":[{"href":"https:\/\/ipresto.net\/en\/wp-json\/wp\/v2\/media?parent=1318"}],"wp:term":[{"taxonomy":"product_brand","embeddable":true,"href":"https:\/\/ipresto.net\/en\/wp-json\/wp\/v2\/product_brand?post=1318"},{"taxonomy":"product_cat","embeddable":true,"href":"https:\/\/ipresto.net\/en\/wp-json\/wp\/v2\/product_cat?post=1318"},{"taxonomy":"product_tag","embeddable":true,"href":"https:\/\/ipresto.net\/en\/wp-json\/wp\/v2\/product_tag?post=1318"}],"curies":[{"name":"wp","href":"https:\/\/api.w.org\/{rel}","templated":true}]}}