{"id":1316,"date":"2018-09-20T18:48:17","date_gmt":"2018-09-20T18:48:17","guid":{"rendered":"https:\/\/ipresto.net\/producto\/import-placeholder-for-433\/"},"modified":"2024-09-18T17:57:20","modified_gmt":"2024-09-18T17:57:20","slug":"presto-parquet-base-solvente","status":"publish","type":"product","link":"https:\/\/ipresto.net\/en\/product\/presto-parquet-base-solvente\/","title":{"rendered":"PRESTO SOLVENT-BASED PARQUET"},"content":{"rendered":"<table width=\"339\">\n<tbody>\n<tr>\n<td width=\"80\"><strong>Code<\/strong><\/td>\n<td width=\"80\"><strong>Container<\/strong><\/td>\n<td width=\"90\"><strong>Capacity<\/strong><\/td>\n<td width=\"89\"><strong>Pieces per box<\/strong><\/td>\n<\/tr>\n<tr>\n<td width=\"80\">5218<\/td>\n<td width=\"80\">Cubeta<\/td>\n<td width=\"90\">20 kgs<\/td>\n<td width=\"89\">1 piece<\/td>\n<\/tr>\n<tr>\n<td width=\"80\">5214<\/td>\n<td width=\"80\">Can<\/td>\n<td width=\"90\">5 kgs<\/td>\n<td width=\"89\">4 pieces<\/td>\n<\/tr>\n<\/tbody>\n<\/table>\n<p>&nbsp;<\/p>","protected":false},"excerpt":{"rendered":"<h4><strong>Alta adherencia resistente a la humedad<\/strong><\/h4>\n<p>Excelente pegamento para pegar pisos de parquet y duela, (cualquier tipo de madera), a pisos y superficies m\u00e1s comunes en la construcci\u00f3n, e incluso sobre mosaico, pisos cer\u00e1micos, concreto y cemento, etc. Secado r\u00e1pido, alta adherencia, excelente resistencia al calor y a la humedad, puede aplicarse en pisos con calentamiento.<\/p>\n<p><img loading=\"lazy\" decoding=\"async\" class=\"grow alignnone wp-image-1603\" title=\"Secado r\u00e1pido\" src=\"https:\/\/ipresto.net\/wp-content\/uploads\/2018\/09\/secado-rapido.png\" alt=\"\" width=\"60\" height=\"66\" \/> <img loading=\"lazy\" decoding=\"async\" class=\"grow alignnone wp-image-1606\" title=\"Base solvente\" src=\"https:\/\/ipresto.net\/wp-content\/uploads\/2018\/09\/base-solvente.png\" alt=\"\" width=\"60\" height=\"66\" \/><a href=\"https:\/\/ipresto.net\/wp-content\/uploads\/2024\/09\/HDT-PRESTO-PARQUET-BASE-SOLVENTE.pdf\" target=\"_blank\" rel=\"noopener\"><img loading=\"lazy\" decoding=\"async\" class=\"grow alignright wp-image-1697\" src=\"https:\/\/ipresto.net\/wp-content\/uploads\/2019\/02\/hoja-tecnica.png\" alt=\"\" width=\"177\" height=\"80\" \/><\/a><\/p>","protected":false},"featured_media":1022,"comment_status":"closed","ping_status":"closed","template":"","meta":{"_et_pb_use_builder":"","_et_pb_old_content":"","_et_gb_content_width":""},"product_brand":[],"product_cat":[28],"product_tag":[],"class_list":{"0":"post-1316","1":"product","2":"type-product","3":"status-publish","4":"has-post-thumbnail","6":"product_cat-pisos","8":"first","9":"instock","10":"shipping-taxable","11":"product-type-simple"},"_links":{"self":[{"href":"https:\/\/ipresto.net\/en\/wp-json\/wp\/v2\/product\/1316","targetHints":{"allow":["GET"]}}],"collection":[{"href":"https:\/\/ipresto.net\/en\/wp-json\/wp\/v2\/product"}],"about":[{"href":"https:\/\/ipresto.net\/en\/wp-json\/wp\/v2\/types\/product"}],"replies":[{"embeddable":true,"href":"https:\/\/ipresto.net\/en\/wp-json\/wp\/v2\/comments?post=1316"}],"wp:featuredmedia":[{"embeddable":true,"href":"https:\/\/ipresto.net\/en\/wp-json\/wp\/v2\/media\/1022"}],"wp:attachment":[{"href":"https:\/\/ipresto.net\/en\/wp-json\/wp\/v2\/media?parent=1316"}],"wp:term":[{"taxonomy":"product_brand","embeddable":true,"href":"https:\/\/ipresto.net\/en\/wp-json\/wp\/v2\/product_brand?post=1316"},{"taxonomy":"product_cat","embeddable":true,"href":"https:\/\/ipresto.net\/en\/wp-json\/wp\/v2\/product_cat?post=1316"},{"taxonomy":"product_tag","embeddable":true,"href":"https:\/\/ipresto.net\/en\/wp-json\/wp\/v2\/product_tag?post=1316"}],"curies":[{"name":"wp","href":"https:\/\/api.w.org\/{rel}","templated":true}]}}