{"id":1312,"date":"2018-09-20T18:48:17","date_gmt":"2018-09-20T18:48:17","guid":{"rendered":"https:\/\/ipresto.net\/producto\/import-placeholder-for-419\/"},"modified":"2026-03-17T21:21:21","modified_gmt":"2026-03-17T21:21:21","slug":"presto-rapid","status":"publish","type":"product","link":"https:\/\/ipresto.net\/en\/product\/presto-rapid\/","title":{"rendered":"PRESTO RAPID"},"content":{"rendered":"<table width=\"419\">\n<tbody>\n<tr>\n<td width=\"80\"><strong>Code<\/strong><\/td>\n<td width=\"80\"><strong>Container<\/strong><\/td>\n<td width=\"90\"><strong>Capacity<\/strong><\/td>\n<td width=\"89\"><strong>Pieces per box<\/strong><\/td>\n<td width=\"80\"><strong>Master box<\/strong><\/td>\n<\/tr>\n<tr>\n<td width=\"80\">1010<\/td>\n<td width=\"80\">Frasco<\/td>\n<td width=\"90\">1 kg<\/td>\n<td width=\"89\">12 pieces<\/td>\n<td width=\"80\"><\/td>\n<\/tr>\n<tr>\n<td width=\"80\">1012<\/td>\n<td width=\"80\">Frasco<\/td>\n<td width=\"90\">500 grs<\/td>\n<td width=\"89\">12 pieces<\/td>\n<td width=\"80\">48 pieces<\/td>\n<\/tr>\n<tr>\n<td width=\"80\">1014<\/td>\n<td width=\"80\">Frasco<\/td>\n<td width=\"90\">250 grs<\/td>\n<td width=\"89\">20 piezas<\/td>\n<td width=\"80\">80 piezas<\/td>\n<\/tr>\n<\/tbody>\n<\/table>","protected":false},"excerpt":{"rendered":"<h4><strong>Pegamento de poliuretano, uso marino<\/strong><\/h4>\n<p>Resistencia TOTAL a la humedad. Pega la mayor\u00eda de los materiales de la construcci\u00f3n: madera, yeso, yeso laminado, metal, ladrillo, concreto, espumas aislantes, aluminio, chapa, l\u00e1mina de metal, fibrocemento, poliestireno expandido y extru\u00eddo.<\/p>\n<p>Recomendado para trabajos de madera que vayan a estar expuestos a la intemperie o en climas de alta humedad. Desarrolla una gran fuerza y alta adherencia.<\/p>\n<p><img loading=\"lazy\" decoding=\"async\" class=\"grow alignnone wp-image-1599\" title=\"Alta adherencia\" src=\"https:\/\/ipresto.net\/wp-content\/uploads\/2018\/09\/alta-adherencia.png\" alt=\"\" width=\"60\" height=\"66\" \/> <img loading=\"lazy\" decoding=\"async\" class=\"grow alignnone wp-image-1600\" title=\"Ecol\u00f3gico\" src=\"https:\/\/ipresto.net\/wp-content\/uploads\/2018\/09\/ecologico.png\" alt=\"\" width=\"60\" height=\"66\" \/> <img loading=\"lazy\" decoding=\"async\" class=\"grow alignnone wp-image-1602\" title=\"Resistente al agua\" src=\"https:\/\/ipresto.net\/wp-content\/uploads\/2018\/09\/RESISTENTE-AL-AGUA.png\" alt=\"\" width=\"60\" height=\"66\" \/>\u00a0<img loading=\"lazy\" decoding=\"async\" class=\"grow alignnone wp-image-1612\" title=\"Uso marino\" src=\"https:\/\/ipresto.net\/wp-content\/uploads\/2018\/09\/USO-MARINO.png\" alt=\"\" width=\"60\" height=\"66\" \/><a href=\"https:\/\/ipresto.net\/wp-content\/uploads\/2024\/09\/HDT-PRESTO-RAPID.pdf\" target=\"_blank\" rel=\"noopener\"><img loading=\"lazy\" decoding=\"async\" class=\"grow alignright wp-image-1697\" src=\"https:\/\/ipresto.net\/wp-content\/uploads\/2019\/02\/hoja-tecnica.png\" alt=\"\" width=\"177\" height=\"80\" \/><\/a><\/p>","protected":false},"featured_media":4664,"comment_status":"closed","ping_status":"closed","template":"","meta":{"_et_pb_use_builder":"off","_et_pb_old_content":"<table width=\"419\">\r\n<tbody>\r\n<tr>\r\n<td width=\"80\"><strong>C\u00f3digo<\/strong><\/td>\r\n<td width=\"80\"><strong>Envase<\/strong><\/td>\r\n<td width=\"90\"><strong>Capacidad<\/strong><\/td>\r\n<td width=\"89\"><strong>Piezas por caja<\/strong><\/td>\r\n<td width=\"80\"><strong>Caja master<\/strong><\/td>\r\n<\/tr>\r\n<tr>\r\n<td width=\"80\">1010<\/td>\r\n<td width=\"80\">Frasco<\/td>\r\n<td width=\"90\">1 kg<\/td>\r\n<td width=\"89\">12 piezas<\/td>\r\n<td width=\"80\"><\/td>\r\n<\/tr>\r\n<tr>\r\n<td width=\"80\">1012<\/td>\r\n<td width=\"80\">Frasco<\/td>\r\n<td width=\"90\">500 grs<\/td>\r\n<td width=\"89\">12 piezas<\/td>\r\n<td width=\"80\">48 piezas<\/td>\r\n<\/tr>\r\n<tr>\r\n<td width=\"80\">1014<\/td>\r\n<td width=\"80\">Frasco<\/td>\r\n<td width=\"90\">250 grs<\/td>\r\n<td width=\"89\">20 piezas<\/td>\r\n<td width=\"80\">80 piezas<\/td>\r\n<\/tr>\r\n<\/tbody>\r\n<\/table>","_et_gb_content_width":""},"product_brand":[],"product_cat":[27],"product_tag":[],"class_list":{"0":"post-1312","1":"product","2":"type-product","3":"status-publish","4":"has-post-thumbnail","6":"product_cat-para-madera","8":"first","9":"instock","10":"shipping-taxable","11":"product-type-simple"},"_links":{"self":[{"href":"https:\/\/ipresto.net\/en\/wp-json\/wp\/v2\/product\/1312","targetHints":{"allow":["GET"]}}],"collection":[{"href":"https:\/\/ipresto.net\/en\/wp-json\/wp\/v2\/product"}],"about":[{"href":"https:\/\/ipresto.net\/en\/wp-json\/wp\/v2\/types\/product"}],"replies":[{"embeddable":true,"href":"https:\/\/ipresto.net\/en\/wp-json\/wp\/v2\/comments?post=1312"}],"wp:featuredmedia":[{"embeddable":true,"href":"https:\/\/ipresto.net\/en\/wp-json\/wp\/v2\/media\/4664"}],"wp:attachment":[{"href":"https:\/\/ipresto.net\/en\/wp-json\/wp\/v2\/media?parent=1312"}],"wp:term":[{"taxonomy":"product_brand","embeddable":true,"href":"https:\/\/ipresto.net\/en\/wp-json\/wp\/v2\/product_brand?post=1312"},{"taxonomy":"product_cat","embeddable":true,"href":"https:\/\/ipresto.net\/en\/wp-json\/wp\/v2\/product_cat?post=1312"},{"taxonomy":"product_tag","embeddable":true,"href":"https:\/\/ipresto.net\/en\/wp-json\/wp\/v2\/product_tag?post=1312"}],"curies":[{"name":"wp","href":"https:\/\/api.w.org\/{rel}","templated":true}]}}