{"id":1310,"date":"2018-09-20T18:48:17","date_gmt":"2018-09-20T18:48:17","guid":{"rendered":"https:\/\/ipresto.net\/producto\/import-placeholder-for-413\/"},"modified":"2024-09-18T17:49:26","modified_gmt":"2024-09-18T17:49:26","slug":"resanador-para-madera-carpenters","status":"publish","type":"product","link":"https:\/\/ipresto.net\/en\/product\/resanador-para-madera-carpenters\/","title":{"rendered":"CARPENTERS WOOD SPRAYER"},"content":{"rendered":"<table width=\"419\">\n<tbody>\n<tr>\n<td width=\"80\"><strong>Code<\/strong><\/td>\n<td width=\"80\"><strong>Container<\/strong><\/td>\n<td width=\"90\"><strong>Color<\/strong><\/td>\n<td width=\"89\"><strong>Capacity<\/strong><\/td>\n<td width=\"80\"><strong>Pieces per box<\/strong><\/td>\n<\/tr>\n<tr>\n<td width=\"80\">2365<\/td>\n<td width=\"80\">Cubeta<\/td>\n<td width=\"90\"><\/td>\n<td width=\"89\">20 L<\/td>\n<td width=\"80\">1 piece<\/td>\n<\/tr>\n<tr>\n<td width=\"80\">2367<\/td>\n<td width=\"80\">Cubeta<\/td>\n<td width=\"90\"><\/td>\n<td width=\"89\">4 L<\/td>\n<td width=\"80\">1 piece<\/td>\n<\/tr>\n<tr>\n<td width=\"80\">2361<\/td>\n<td width=\"80\">Tarro<\/td>\n<td width=\"90\">Pino<\/td>\n<td width=\"89\">236 ml<\/td>\n<td width=\"80\">30 pieces<\/td>\n<\/tr>\n<tr>\n<td width=\"80\">2362<\/td>\n<td width=\"80\">Tarro<\/td>\n<td width=\"90\">Caoba<\/td>\n<td width=\"89\">236 ml<\/td>\n<td width=\"80\">30 pieces<\/td>\n<\/tr>\n<tr>\n<td width=\"80\">2363<\/td>\n<td width=\"80\">Tarro<\/td>\n<td width=\"90\">Nogal<\/td>\n<td width=\"89\">236 ml<\/td>\n<td width=\"80\">30 pieces<\/td>\n<\/tr>\n<tr>\n<td width=\"80\">2359<\/td>\n<td width=\"80\">Tarro<\/td>\n<td width=\"90\">Cedro<\/td>\n<td width=\"89\">236 ml<\/td>\n<td width=\"80\">30 pieces<\/td>\n<\/tr>\n<\/tbody>\n<\/table>\n<p>&nbsp;<\/p>","protected":false},"excerpt":{"rendered":"<h4><strong>F\u00e1cil de aplicar, lijar, entintar y barnizar<\/strong><\/h4>\n<p>Especialmente formulado para resanar y reparar huecos, grietas, golpes e imperfecciones en la madera y los orificios ocasionados por clavos, grapas y tornillos. Es una pasta suave que se aplica f\u00e1cilmente con esp\u00e1tula sin contraerse. Una vez seco el resanador puede lijarse, entintarse y barnizarse f\u00e1cilmente. Secado r\u00e1pido.<\/p>\n<p><img loading=\"lazy\" decoding=\"async\" class=\"grow alignnone wp-image-1609\" title=\"Lijable\" src=\"https:\/\/ipresto.net\/wp-content\/uploads\/2018\/09\/LIJABLE.png\" alt=\"\" width=\"60\" height=\"66\" \/> <img loading=\"lazy\" decoding=\"async\" class=\"grow alignnone wp-image-1603\" title=\"Secado r\u00e1pido\" src=\"https:\/\/ipresto.net\/wp-content\/uploads\/2018\/09\/secado-rapido.png\" alt=\"\" width=\"60\" height=\"66\" \/> <img loading=\"lazy\" decoding=\"async\" class=\"grow alignnone wp-image-1605\" title=\"Pintable\" src=\"https:\/\/ipresto.net\/wp-content\/uploads\/2018\/09\/pintable.png\" alt=\"\" width=\"60\" height=\"66\" \/> <img loading=\"lazy\" decoding=\"async\" class=\"grow alignnone wp-image-1600\" title=\"Ecol\u00f3gico\" src=\"https:\/\/ipresto.net\/wp-content\/uploads\/2018\/09\/ecologico.png\" alt=\"\" width=\"60\" height=\"66\" \/><a href=\"https:\/\/ipresto.net\/wp-content\/uploads\/2024\/09\/HDT-PRESTO-RESANADOR-CARPENTERS.pdf\" target=\"_blank\" rel=\"noopener\"><img loading=\"lazy\" decoding=\"async\" class=\"grow alignright wp-image-1697\" src=\"https:\/\/ipresto.net\/wp-content\/uploads\/2019\/02\/hoja-tecnica.png\" alt=\"\" width=\"177\" height=\"80\" \/><\/a><\/p>","protected":false},"featured_media":1938,"comment_status":"closed","ping_status":"closed","template":"","meta":{"_et_pb_use_builder":"","_et_pb_old_content":"","_et_gb_content_width":""},"product_brand":[],"product_cat":[27],"product_tag":[36,35],"class_list":{"0":"post-1310","1":"product","2":"type-product","3":"status-publish","4":"has-post-thumbnail","6":"product_cat-para-madera","7":"product_tag-madera","8":"product_tag-resanador","10":"first","11":"instock","12":"shipping-taxable","13":"product-type-simple"},"_links":{"self":[{"href":"https:\/\/ipresto.net\/en\/wp-json\/wp\/v2\/product\/1310","targetHints":{"allow":["GET"]}}],"collection":[{"href":"https:\/\/ipresto.net\/en\/wp-json\/wp\/v2\/product"}],"about":[{"href":"https:\/\/ipresto.net\/en\/wp-json\/wp\/v2\/types\/product"}],"replies":[{"embeddable":true,"href":"https:\/\/ipresto.net\/en\/wp-json\/wp\/v2\/comments?post=1310"}],"wp:featuredmedia":[{"embeddable":true,"href":"https:\/\/ipresto.net\/en\/wp-json\/wp\/v2\/media\/1938"}],"wp:attachment":[{"href":"https:\/\/ipresto.net\/en\/wp-json\/wp\/v2\/media?parent=1310"}],"wp:term":[{"taxonomy":"product_brand","embeddable":true,"href":"https:\/\/ipresto.net\/en\/wp-json\/wp\/v2\/product_brand?post=1310"},{"taxonomy":"product_cat","embeddable":true,"href":"https:\/\/ipresto.net\/en\/wp-json\/wp\/v2\/product_cat?post=1310"},{"taxonomy":"product_tag","embeddable":true,"href":"https:\/\/ipresto.net\/en\/wp-json\/wp\/v2\/product_tag?post=1310"}],"curies":[{"name":"wp","href":"https:\/\/api.w.org\/{rel}","templated":true}]}}