{"id":1309,"date":"2018-09-20T18:48:17","date_gmt":"2018-09-20T18:48:17","guid":{"rendered":"https:\/\/ipresto.net\/producto\/import-placeholder-for-411\/"},"modified":"2026-03-17T21:22:10","modified_gmt":"2026-03-17T21:22:10","slug":"presto-woody","status":"publish","type":"product","link":"https:\/\/ipresto.net\/en\/product\/presto-woody\/","title":{"rendered":"PRESTO WOODY"},"content":{"rendered":"<table width=\"339\">\n<tbody>\n<tr>\n<td width=\"80\"><strong>Code<\/strong><\/td>\n<td width=\"80\"><strong>Container<\/strong><\/td>\n<td width=\"90\"><strong>Capacity<\/strong><\/td>\n<td width=\"89\"><strong>Pieces per box<\/strong><\/td>\n<\/tr>\n<tr>\n<td width=\"80\">7022<\/td>\n<td width=\"80\">Drum<\/td>\n<td width=\"90\">200 kgs<\/td>\n<td width=\"89\">1 piece<\/td>\n<\/tr>\n<tr>\n<td width=\"80\">7021<\/td>\n<td width=\"80\">Cubeta<\/td>\n<td width=\"90\">18 kgs<\/td>\n<td width=\"89\">1 piece<\/td>\n<\/tr>\n<\/tbody>\n<\/table>\n<p>&nbsp;<\/p>","protected":false},"excerpt":{"rendered":"<h4><strong>Pegamento blanco industrial<\/strong><\/h4>\n<h5><strong><br \/>\nExtraordinaria adherencia<\/strong><\/h5>\n<p>El pegamento blanco Presto Woody\u00ae es un l\u00edquido blanco de aspecto lechoso, de olor agradable, no es t\u00f3xico y no es inflamable. Es un producto especialmente formulado y desarrollado para el mercado ferretero y mueblero, con el fin de proporcionar al consumidor final un pegamento de \u00f3ptimas caracter\u00edsticas, para un sinn\u00famero de labores tanto artesanales como industriales, donde se requiere un producto de la mejor calidad adem\u00e1s de econ\u00f3micamente rentable.<\/p>\n<p><img loading=\"lazy\" decoding=\"async\" class=\"grow alignnone wp-image-1603\" title=\"Secado r\u00e1pido\" src=\"https:\/\/ipresto.net\/wp-content\/uploads\/2018\/09\/secado-rapido.png\" alt=\"\" width=\"60\" height=\"66\" \/> <img loading=\"lazy\" decoding=\"async\" class=\"grow alignnone wp-image-1600\" title=\"Ecol\u00f3gico\" src=\"https:\/\/ipresto.net\/wp-content\/uploads\/2018\/09\/ecologico.png\" alt=\"\" width=\"60\" height=\"66\" \/>\u00a0<img loading=\"lazy\" decoding=\"async\" class=\"grow alignnone wp-image-1614\" title=\"Uso industrial\" src=\"https:\/\/ipresto.net\/wp-content\/uploads\/2018\/09\/USO-INDUSTRIAL.png\" alt=\"\" width=\"60\" height=\"66\" \/><a href=\"https:\/\/ipresto.net\/wp-content\/uploads\/2024\/09\/HDT-PRESTO-WOODY.pdf\" target=\"_blank\" rel=\"noopener\"><img loading=\"lazy\" decoding=\"async\" class=\"grow alignright wp-image-1697\" src=\"https:\/\/ipresto.net\/wp-content\/uploads\/2019\/02\/hoja-tecnica.png\" alt=\"\" width=\"177\" height=\"80\" \/><\/a><\/p>","protected":false},"featured_media":4668,"comment_status":"closed","ping_status":"closed","template":"","meta":{"_et_pb_use_builder":"","_et_pb_old_content":"","_et_gb_content_width":""},"product_brand":[],"product_cat":[27],"product_tag":[],"class_list":{"0":"post-1309","1":"product","2":"type-product","3":"status-publish","4":"has-post-thumbnail","6":"product_cat-para-madera","8":"first","9":"instock","10":"shipping-taxable","11":"product-type-simple"},"_links":{"self":[{"href":"https:\/\/ipresto.net\/en\/wp-json\/wp\/v2\/product\/1309","targetHints":{"allow":["GET"]}}],"collection":[{"href":"https:\/\/ipresto.net\/en\/wp-json\/wp\/v2\/product"}],"about":[{"href":"https:\/\/ipresto.net\/en\/wp-json\/wp\/v2\/types\/product"}],"replies":[{"embeddable":true,"href":"https:\/\/ipresto.net\/en\/wp-json\/wp\/v2\/comments?post=1309"}],"wp:featuredmedia":[{"embeddable":true,"href":"https:\/\/ipresto.net\/en\/wp-json\/wp\/v2\/media\/4668"}],"wp:attachment":[{"href":"https:\/\/ipresto.net\/en\/wp-json\/wp\/v2\/media?parent=1309"}],"wp:term":[{"taxonomy":"product_brand","embeddable":true,"href":"https:\/\/ipresto.net\/en\/wp-json\/wp\/v2\/product_brand?post=1309"},{"taxonomy":"product_cat","embeddable":true,"href":"https:\/\/ipresto.net\/en\/wp-json\/wp\/v2\/product_cat?post=1309"},{"taxonomy":"product_tag","embeddable":true,"href":"https:\/\/ipresto.net\/en\/wp-json\/wp\/v2\/product_tag?post=1309"}],"curies":[{"name":"wp","href":"https:\/\/api.w.org\/{rel}","templated":true}]}}