{"id":1308,"date":"2018-09-20T18:48:17","date_gmt":"2018-09-20T18:48:17","guid":{"rendered":"https:\/\/ipresto.net\/producto\/import-placeholder-for-404\/"},"modified":"2026-03-17T18:26:17","modified_gmt":"2026-03-17T18:26:17","slug":"carpenters-high-tack","status":"publish","type":"product","link":"https:\/\/ipresto.net\/en\/product\/carpenters-high-tack\/","title":{"rendered":"CARPENTERS HIGH TACK"},"content":{"rendered":"<table width=\"419\">\n<tbody>\n<tr>\n<td width=\"80\"><strong>Code<\/strong><\/td>\n<td width=\"80\"><strong>Container<\/strong><\/td>\n<td width=\"90\"><strong>Capacity<\/strong><\/td>\n<td width=\"89\"><strong>Pieces per box<\/strong><\/td>\n<td width=\"80\"><strong>Master box<\/strong><\/td>\n<\/tr>\n<tr>\n<td width=\"80\">0736<\/td>\n<td width=\"80\">Drum<\/td>\n<td width=\"90\">200 kgs<\/td>\n<td width=\"89\">1 piece<\/td>\n<td width=\"80\"><\/td>\n<\/tr>\n<tr>\n<td width=\"80\">0738<\/td>\n<td width=\"80\">Cubeta<\/td>\n<td width=\"90\">18 kgs<\/td>\n<td width=\"89\">1 piece<\/td>\n<td width=\"80\"><\/td>\n<\/tr>\n<tr>\n<td width=\"80\">0734<\/td>\n<td width=\"80\">Garraf\u00f3n<\/td>\n<td width=\"90\">4 kgs<\/td>\n<td width=\"89\">4 pieces<\/td>\n<td width=\"80\"><\/td>\n<\/tr>\n<tr>\n<td width=\"80\">0731<\/td>\n<td width=\"80\">Frasco<\/td>\n<td width=\"90\">1 kg<\/td>\n<td width=\"89\">12 pieces<\/td>\n<td width=\"80\"><\/td>\n<\/tr>\n<tr>\n<td width=\"80\">0732<\/td>\n<td width=\"80\">Frasco<\/td>\n<td width=\"90\">500 grs<\/td>\n<td width=\"89\">12 pieces<\/td>\n<td width=\"80\">48 pieces<\/td>\n<\/tr>\n<tr>\n<td width=\"80\">0733<\/td>\n<td width=\"80\">Frasco<\/td>\n<td width=\"90\">250 grs<\/td>\n<td width=\"89\">20 piezas<\/td>\n<td width=\"80\">80 piezas<\/td>\n<\/tr>\n<\/tbody>\n<\/table>\n<p>&nbsp;<\/p>","protected":false},"excerpt":{"rendered":"<h4><strong>Pegamento amarillo para madera<\/strong><\/h4>\n<p>Excelente adherencia, pegamento amarillo de secado r\u00e1pido.Formulado para exigencias de r\u00e1pido agarre inicial. Despu\u00e9s del acomodo final NO permite que se deslicen las piezas.<\/p>\n<p>Pega: Papel, cart\u00f3n, madera, fibracel, triplay, aglomerado.<\/p>\n<p><img loading=\"lazy\" decoding=\"async\" class=\"grow alignnone wp-image-1599\" title=\"Alta adherencia\" src=\"https:\/\/ipresto.net\/wp-content\/uploads\/2018\/09\/alta-adherencia.png\" alt=\"\" width=\"60\" height=\"66\" \/> <img loading=\"lazy\" decoding=\"async\" class=\"grow alignnone wp-image-1603\" title=\"Secado r\u00e1pido\" src=\"https:\/\/ipresto.net\/wp-content\/uploads\/2018\/09\/secado-rapido.png\" alt=\"\" width=\"60\" height=\"66\" \/> <img loading=\"lazy\" decoding=\"async\" class=\"grow alignnone wp-image-1600\" title=\"Ecol\u00f3gico\" src=\"https:\/\/ipresto.net\/wp-content\/uploads\/2018\/09\/ecologico.png\" alt=\"\" width=\"60\" height=\"66\" \/> <img loading=\"lazy\" decoding=\"async\" class=\"grow alignnone wp-image-1610\" title=\"Base agua\" src=\"https:\/\/ipresto.net\/wp-content\/uploads\/2018\/09\/BASE-AGUA.png\" alt=\"\" width=\"60\" height=\"66\" \/><a href=\"https:\/\/ipresto.net\/wp-content\/uploads\/2024\/09\/HDT-PRESTO-CARPENTERS-HIGH-TACK.pdf\" target=\"_blank\" rel=\"noopener\"><img loading=\"lazy\" decoding=\"async\" class=\"grow alignright wp-image-1697\" src=\"https:\/\/ipresto.net\/wp-content\/uploads\/2019\/02\/hoja-tecnica.png\" alt=\"\" width=\"177\" height=\"80\" \/><\/a><\/p>","protected":false},"featured_media":4649,"comment_status":"closed","ping_status":"closed","template":"","meta":{"_et_pb_use_builder":"off","_et_pb_old_content":"<table width=\"419\">\r\n<tbody>\r\n<tr>\r\n<td width=\"80\"><strong>C\u00f3digo<\/strong><\/td>\r\n<td width=\"80\"><strong>Envase<\/strong><\/td>\r\n<td width=\"90\"><strong>Capacidad<\/strong><\/td>\r\n<td width=\"89\"><strong>Piezas por caja<\/strong><\/td>\r\n<td width=\"80\"><strong>Caja master<\/strong><\/td>\r\n<\/tr>\r\n<tr>\r\n<td width=\"80\">0736<\/td>\r\n<td width=\"80\">Tambor<\/td>\r\n<td width=\"90\">200 kgs<\/td>\r\n<td width=\"89\">1 pieza<\/td>\r\n<td width=\"80\"><\/td>\r\n<\/tr>\r\n<tr>\r\n<td width=\"80\">0738<\/td>\r\n<td width=\"80\">Cubeta<\/td>\r\n<td width=\"90\">18 kgs<\/td>\r\n<td width=\"89\">1 pieza<\/td>\r\n<td width=\"80\"><\/td>\r\n<\/tr>\r\n<tr>\r\n<td width=\"80\">0734<\/td>\r\n<td width=\"80\">Garraf\u00f3n<\/td>\r\n<td width=\"90\">4 kgs<\/td>\r\n<td width=\"89\">4 piezas<\/td>\r\n<td width=\"80\"><\/td>\r\n<\/tr>\r\n<tr>\r\n<td width=\"80\">0731<\/td>\r\n<td width=\"80\">Frasco<\/td>\r\n<td width=\"90\">1 kg<\/td>\r\n<td width=\"89\">12 piezas<\/td>\r\n<td width=\"80\"><\/td>\r\n<\/tr>\r\n<tr>\r\n<td width=\"80\">0732<\/td>\r\n<td width=\"80\">Frasco<\/td>\r\n<td width=\"90\">500 grs<\/td>\r\n<td width=\"89\">12 piezas<\/td>\r\n<td width=\"80\">48 piezas<\/td>\r\n<\/tr>\r\n<tr>\r\n<td width=\"80\">0733<\/td>\r\n<td width=\"80\">Frasco<\/td>\r\n<td width=\"90\">250 grs<\/td>\r\n<td width=\"89\">20 piezas<\/td>\r\n<td width=\"80\">80 piezas<\/td>\r\n<\/tr>\r\n<\/tbody>\r\n<\/table>","_et_gb_content_width":""},"product_brand":[],"product_cat":[27],"product_tag":[],"class_list":{"0":"post-1308","1":"product","2":"type-product","3":"status-publish","4":"has-post-thumbnail","6":"product_cat-para-madera","8":"first","9":"instock","10":"shipping-taxable","11":"product-type-simple"},"_links":{"self":[{"href":"https:\/\/ipresto.net\/en\/wp-json\/wp\/v2\/product\/1308","targetHints":{"allow":["GET"]}}],"collection":[{"href":"https:\/\/ipresto.net\/en\/wp-json\/wp\/v2\/product"}],"about":[{"href":"https:\/\/ipresto.net\/en\/wp-json\/wp\/v2\/types\/product"}],"replies":[{"embeddable":true,"href":"https:\/\/ipresto.net\/en\/wp-json\/wp\/v2\/comments?post=1308"}],"wp:featuredmedia":[{"embeddable":true,"href":"https:\/\/ipresto.net\/en\/wp-json\/wp\/v2\/media\/4649"}],"wp:attachment":[{"href":"https:\/\/ipresto.net\/en\/wp-json\/wp\/v2\/media?parent=1308"}],"wp:term":[{"taxonomy":"product_brand","embeddable":true,"href":"https:\/\/ipresto.net\/en\/wp-json\/wp\/v2\/product_brand?post=1308"},{"taxonomy":"product_cat","embeddable":true,"href":"https:\/\/ipresto.net\/en\/wp-json\/wp\/v2\/product_cat?post=1308"},{"taxonomy":"product_tag","embeddable":true,"href":"https:\/\/ipresto.net\/en\/wp-json\/wp\/v2\/product_tag?post=1308"}],"curies":[{"name":"wp","href":"https:\/\/api.w.org\/{rel}","templated":true}]}}