{"id":1307,"date":"2018-09-20T18:48:16","date_gmt":"2018-09-20T18:48:16","guid":{"rendered":"https:\/\/ipresto.net\/producto\/import-placeholder-for-400\/"},"modified":"2026-03-17T18:21:23","modified_gmt":"2026-03-17T18:21:23","slug":"presto-epoxy-jeringa-5-min","status":"publish","type":"product","link":"https:\/\/ipresto.net\/en\/product\/presto-epoxy-jeringa-5-min\/","title":{"rendered":"PRESTO EPOXY SYRINGE 5 MIN."},"content":{"rendered":"<table width=\"339\">\n<tbody>\n<tr>\n<td width=\"80\"><strong>Code<\/strong><\/td>\n<td width=\"80\"><strong>Capacity<\/strong><\/td>\n<td width=\"90\"><strong>Color<\/strong><\/td>\n<td width=\"89\"><strong>Pieces per box<\/strong><\/td>\n<\/tr>\n<tr>\n<td width=\"80\">8804<\/td>\n<td width=\"80\">24 ml<\/td>\n<td width=\"90\">Transparente<\/td>\n<td width=\"89\">24 pieces<\/td>\n<\/tr>\n<tr>\n<td width=\"80\">8805<\/td>\n<td width=\"80\">24 ml<\/td>\n<td width=\"90\">Acero<\/td>\n<td width=\"89\">24 pieces<\/td>\n<\/tr>\n<\/tbody>\n<\/table>\n<p>&nbsp;<\/p>","protected":false},"excerpt":{"rendered":"<h4><strong>Acero y Transparente. Extra fuertes<\/strong><\/h4>\n<p>El pegamento Presto Epoxy Jeringa es un pegamento bicomponente formulado especialmente y desarrollado para efectuar reparaciones s\u00faper r\u00e1pidas. Es indispensable en todo tipo de taller, la industria, la construcci\u00f3n, agencias de servicio automotriz, la ferreter\u00eda y el hogar.<\/p>\n<p>Al ser un pegamento Ep\u00f3xico la fuerza de pegado es muy superior a la de un pegamento de cianocrilato. Por su resistencia a la humedad puede usarse en aplicaciones marinas.<\/p>\n<p><img loading=\"lazy\" decoding=\"async\" class=\"grow alignnone wp-image-1616\" title=\"Curado r\u00e1pido\" src=\"https:\/\/ipresto.net\/wp-content\/uploads\/2018\/09\/curado-rapido.png\" alt=\"\" width=\"60\" height=\"66\" \/>\u00a0<img loading=\"lazy\" decoding=\"async\" class=\"grow alignnone wp-image-1600\" title=\"Ecol\u00f3gico\" src=\"https:\/\/ipresto.net\/wp-content\/uploads\/2018\/09\/ecologico.png\" alt=\"\" width=\"60\" height=\"66\" \/> <img loading=\"lazy\" decoding=\"async\" class=\"grow alignnone wp-image-1599\" title=\"Alta adherencia\" src=\"https:\/\/ipresto.net\/wp-content\/uploads\/2018\/09\/alta-adherencia.png\" alt=\"\" width=\"60\" height=\"66\" \/>\u00a0<img loading=\"lazy\" decoding=\"async\" class=\"grow alignnone wp-image-1614\" title=\"Uso industrial\" src=\"https:\/\/ipresto.net\/wp-content\/uploads\/2018\/09\/USO-INDUSTRIAL.png\" alt=\"\" width=\"60\" height=\"66\" \/><\/p>\n<p><a href=\"https:\/\/ipresto.net\/wp-content\/uploads\/2024\/09\/HDT-PRESTO-EPOXY-TRANSPARENTE-JERINGA.pdf\" target=\"_blank\" rel=\"noopener noreferrer\"><img loading=\"lazy\" decoding=\"async\" class=\"alignright wp-image-1697\" src=\"https:\/\/ipresto.net\/wp-content\/uploads\/2019\/02\/hoja-tecnica.png\" alt=\"\" width=\"177\" height=\"80\" \/><\/a><a href=\"https:\/\/ipresto.net\/wp-content\/uploads\/2024\/09\/HDT-PRESTO-EPOXY-ACERO-JERINGA.pdf\" target=\"_blank\" rel=\"noopener noreferrer\"><img loading=\"lazy\" decoding=\"async\" class=\"grow alignright wp-image-1697\" src=\"https:\/\/ipresto.net\/wp-content\/uploads\/2019\/02\/hoja-tecnica.png\" alt=\"\" width=\"177\" height=\"80\" \/><\/a><\/p>","protected":false},"featured_media":4644,"comment_status":"closed","ping_status":"closed","template":"","meta":{"_et_pb_use_builder":"","_et_pb_old_content":"","_et_gb_content_width":""},"product_brand":[],"product_cat":[32],"product_tag":[],"class_list":{"0":"post-1307","1":"product","2":"type-product","3":"status-publish","4":"has-post-thumbnail","6":"product_cat-epoxicos","8":"first","9":"instock","10":"shipping-taxable","11":"product-type-simple"},"_links":{"self":[{"href":"https:\/\/ipresto.net\/en\/wp-json\/wp\/v2\/product\/1307","targetHints":{"allow":["GET"]}}],"collection":[{"href":"https:\/\/ipresto.net\/en\/wp-json\/wp\/v2\/product"}],"about":[{"href":"https:\/\/ipresto.net\/en\/wp-json\/wp\/v2\/types\/product"}],"replies":[{"embeddable":true,"href":"https:\/\/ipresto.net\/en\/wp-json\/wp\/v2\/comments?post=1307"}],"wp:featuredmedia":[{"embeddable":true,"href":"https:\/\/ipresto.net\/en\/wp-json\/wp\/v2\/media\/4644"}],"wp:attachment":[{"href":"https:\/\/ipresto.net\/en\/wp-json\/wp\/v2\/media?parent=1307"}],"wp:term":[{"taxonomy":"product_brand","embeddable":true,"href":"https:\/\/ipresto.net\/en\/wp-json\/wp\/v2\/product_brand?post=1307"},{"taxonomy":"product_cat","embeddable":true,"href":"https:\/\/ipresto.net\/en\/wp-json\/wp\/v2\/product_cat?post=1307"},{"taxonomy":"product_tag","embeddable":true,"href":"https:\/\/ipresto.net\/en\/wp-json\/wp\/v2\/product_tag?post=1307"}],"curies":[{"name":"wp","href":"https:\/\/api.w.org\/{rel}","templated":true}]}}