{"id":1304,"date":"2018-09-20T18:48:16","date_gmt":"2018-09-20T18:48:16","guid":{"rendered":"https:\/\/ipresto.net\/producto\/import-placeholder-for-393\/"},"modified":"2026-03-24T22:35:12","modified_gmt":"2026-03-24T22:35:12","slug":"willy-acrilico","status":"publish","type":"product","link":"https:\/\/ipresto.net\/en\/product\/willy-acrilico\/","title":{"rendered":"WILLY ACRYLIC"},"content":{"rendered":"<table style=\"border-collapse: collapse; width: 342px; height: 72px;\" border=\"0\" width=\"240\" cellspacing=\"0\" cellpadding=\"0\">\n<colgroup>\n<col style=\"width: 60pt;\" span=\"3\" width=\"80\" \/> <\/colgroup>\n<tbody>\n<tr style=\"height: 30.0pt;\">\n<td class=\"xl65\" style=\"height: 30.0pt; width: 60pt;\" width=\"80\" height=\"40\"><strong>Code<\/strong><\/td>\n<td class=\"xl65\" style=\"border-left: none; width: 60pt;\" width=\"80\"><strong>Capacity<\/strong><\/td>\n<td class=\"xl65\" style=\"border-left: none; width: 60pt;\" width=\"80\"><strong>Pieces per box<\/strong><\/td>\n<\/tr>\n<tr style=\"height: 15.0pt;\">\n<td class=\"xl66\" style=\"height: 15.0pt; border-top: none; width: 60pt;\" width=\"80\" height=\"20\">0320<\/td>\n<td class=\"xl67\" style=\"border-top: none; border-left: none; width: 60pt;\" width=\"80\">280 ml<\/td>\n<td class=\"xl67\" style=\"border-top: none; border-left: none; width: 60pt;\" width=\"80\">24 pieces<\/td>\n<\/tr>\n<\/tbody>\n<\/table>\n<p><strong>Color blanco<\/strong><\/p>","protected":false},"excerpt":{"rendered":"<h4><strong>Sellador acr\u00edlico blanco<\/strong><\/h4>\n<p>Presto Sellador Willy acr\u00edlico es un producto lijable y pintable, sella materiales lisos y porosos. Por su f\u00f3rmulaci\u00f3n no amarillea y es de baja decoloraci\u00f3n, adem\u00e1s no escurre.<\/p>\n<p><img loading=\"lazy\" decoding=\"async\" class=\"grow alignnone wp-image-1600\" title=\"Ecol\u00f3gico\" src=\"https:\/\/ipresto.net\/wp-content\/uploads\/2018\/09\/ecologico.png\" alt=\"\" width=\"60\" height=\"66\" \/> <img loading=\"lazy\" decoding=\"async\" class=\"grow alignnone wp-image-1609\" title=\"Lijable\" src=\"https:\/\/ipresto.net\/wp-content\/uploads\/2018\/09\/LIJABLE.png\" alt=\"\" width=\"60\" height=\"66\" \/> <img loading=\"lazy\" decoding=\"async\" class=\"grow alignnone wp-image-1605\" title=\"Pintable\" src=\"https:\/\/ipresto.net\/wp-content\/uploads\/2018\/09\/pintable.png\" alt=\"\" width=\"60\" height=\"66\" \/> <img loading=\"lazy\" decoding=\"async\" class=\"grow alignnone wp-image-1610\" title=\"Base agua\" src=\"https:\/\/ipresto.net\/wp-content\/uploads\/2018\/09\/BASE-AGUA.png\" alt=\"\" width=\"60\" height=\"66\" \/><a href=\"https:\/\/ipresto.net\/wp-content\/uploads\/2024\/09\/HDT-WILLY-SELLADOR-ACRILICO.pdf\" target=\"_blank\" rel=\"noopener\"><img loading=\"lazy\" decoding=\"async\" class=\"grow alignright wp-image-1697\" src=\"https:\/\/ipresto.net\/wp-content\/uploads\/2019\/02\/hoja-tecnica.png\" alt=\"\" width=\"177\" height=\"80\" \/><\/a><\/p>\n<p>&nbsp;<\/p>","protected":false},"featured_media":4811,"comment_status":"closed","ping_status":"closed","template":"","meta":{"_et_pb_use_builder":"off","_et_pb_old_content":"<table style=\"border-collapse: collapse;width: 342px;height: 72px\" border=\"0\" width=\"240\" cellspacing=\"0\" cellpadding=\"0\"><colgroup> <col style=\"width: 60pt\" span=\"3\" width=\"80\" \/> <\/colgroup>\r\n<tbody>\r\n<tr style=\"height: 30.0pt\">\r\n<td class=\"xl65\" style=\"height: 30.0pt;width: 60pt\" width=\"80\" height=\"40\"><strong>C\u00f3digo<\/strong><\/td>\r\n<td class=\"xl65\" style=\"border-left: none;width: 60pt\" width=\"80\"><strong>Capacidad<\/strong><\/td>\r\n<td class=\"xl65\" style=\"border-left: none;width: 60pt\" width=\"80\"><strong>Piezas por caja<\/strong><\/td>\r\n<\/tr>\r\n<tr style=\"height: 15.0pt\">\r\n<td class=\"xl66\" style=\"height: 15.0pt;border-top: none;width: 60pt\" width=\"80\" height=\"20\">0320<\/td>\r\n<td class=\"xl67\" style=\"border-top: none;border-left: none;width: 60pt\" width=\"80\">280 ml<\/td>\r\n<td class=\"xl67\" style=\"border-top: none;border-left: none;width: 60pt\" width=\"80\">24 piezas<\/td>\r\n<\/tr>\r\n<\/tbody>\r\n<\/table>\r\n<strong>Color blanco<\/strong>","_et_gb_content_width":""},"product_brand":[],"product_cat":[31],"product_tag":[],"class_list":{"0":"post-1304","1":"product","2":"type-product","3":"status-publish","4":"has-post-thumbnail","6":"product_cat-selladores","8":"first","9":"instock","10":"shipping-taxable","11":"product-type-simple"},"_links":{"self":[{"href":"https:\/\/ipresto.net\/en\/wp-json\/wp\/v2\/product\/1304","targetHints":{"allow":["GET"]}}],"collection":[{"href":"https:\/\/ipresto.net\/en\/wp-json\/wp\/v2\/product"}],"about":[{"href":"https:\/\/ipresto.net\/en\/wp-json\/wp\/v2\/types\/product"}],"replies":[{"embeddable":true,"href":"https:\/\/ipresto.net\/en\/wp-json\/wp\/v2\/comments?post=1304"}],"wp:featuredmedia":[{"embeddable":true,"href":"https:\/\/ipresto.net\/en\/wp-json\/wp\/v2\/media\/4811"}],"wp:attachment":[{"href":"https:\/\/ipresto.net\/en\/wp-json\/wp\/v2\/media?parent=1304"}],"wp:term":[{"taxonomy":"product_brand","embeddable":true,"href":"https:\/\/ipresto.net\/en\/wp-json\/wp\/v2\/product_brand?post=1304"},{"taxonomy":"product_cat","embeddable":true,"href":"https:\/\/ipresto.net\/en\/wp-json\/wp\/v2\/product_cat?post=1304"},{"taxonomy":"product_tag","embeddable":true,"href":"https:\/\/ipresto.net\/en\/wp-json\/wp\/v2\/product_tag?post=1304"}],"curies":[{"name":"wp","href":"https:\/\/api.w.org\/{rel}","templated":true}]}}