{"id":1301,"date":"2018-09-20T18:48:16","date_gmt":"2018-09-20T18:48:16","guid":{"rendered":"https:\/\/ipresto.net\/producto\/import-placeholder-for-385\/"},"modified":"2026-03-24T22:17:10","modified_gmt":"2026-03-24T22:17:10","slug":"silicon-presto-estructural","status":"publish","type":"product","link":"https:\/\/ipresto.net\/en\/product\/silicon-presto-estructural\/","title":{"rendered":"PRESTO STRUCTURAL SILICONE"},"content":{"rendered":"<table width=\"409\">\n<tbody>\n<tr>\n<td width=\"80\">Code<\/td>\n<td width=\"80\">Container<\/td>\n<td width=\"80\">Capacity<\/td>\n<td width=\"89\">Color<\/td>\n<td width=\"80\">Pieces per box<\/td>\n<\/tr>\n<tr>\n<td width=\"80\">4733<\/td>\n<td width=\"80\">Cartucho<\/td>\n<td width=\"80\">300 ml<\/td>\n<td width=\"89\">Negro<\/td>\n<td width=\"80\">24 pieces<\/td>\n<\/tr>\n<tr>\n<td width=\"80\">4734<\/td>\n<td width=\"80\">Cartucho<\/td>\n<td width=\"80\">300 ml<\/td>\n<td width=\"89\">Transparente<\/td>\n<td width=\"80\">24 pieces<\/td>\n<\/tr>\n<\/tbody>\n<\/table>\n<p>&nbsp;<\/p>","protected":false},"excerpt":{"rendered":"<h4><strong>Alta resistencia<\/strong><\/h4>\n<p>Dise\u00f1ado especialmente para aplicaciones estructurales, fachadas integrales, vitroblocks y domos. Resiste temperaturas desde -50\u00b0C hasta 150\u00b0C.<\/p>\n<p>Ideal para sellar domos de policarbonato, l\u00e1minas, vidrio, paneles de aluminio, metal, azulejo, fibra de vidrio, PVC, granito, m\u00e1rmol, ladrillo, vinilo, y cantera. Cumple con la norma ASTM C719.<\/p>\n<p>Se recomienda para formar juntas en m\u00faltiples de admisi\u00f3n y escape, termostato, carter de transmisi\u00f3n autom\u00e1tica, bomba de aceite, tapas de eje delantero y otros. Resiste grasas, aceites, anticongelantes y agua.<\/p>\n<p><img loading=\"lazy\" decoding=\"async\" class=\"grow alignnone wp-image-1604\" title=\"No se cristaliza\" src=\"https:\/\/ipresto.net\/wp-content\/uploads\/2018\/09\/NO-SE-CRISTALIZA.png\" alt=\"\" width=\"60\" height=\"66\" \/> <img loading=\"lazy\" decoding=\"async\" class=\"grow alignnone wp-image-1618\" title=\"Curado neutro\" src=\"https:\/\/ipresto.net\/wp-content\/uploads\/2018\/09\/curado-neutro.png\" alt=\"\" width=\"60\" height=\"66\" \/><a href=\"https:\/\/ipresto.net\/wp-content\/uploads\/2024\/09\/HDT-SILICON-PRESTO-ESTRUCTURAL.pdf\" target=\"_blank\" rel=\"noopener\"><img loading=\"lazy\" decoding=\"async\" class=\"grow alignright wp-image-1697\" src=\"https:\/\/ipresto.net\/wp-content\/uploads\/2019\/02\/hoja-tecnica.png\" alt=\"\" width=\"177\" height=\"80\" \/><\/a><\/p>","protected":false},"featured_media":4788,"comment_status":"closed","ping_status":"closed","template":"","meta":{"_et_pb_use_builder":"off","_et_pb_old_content":"<table width=\"409\">\r\n<tbody>\r\n<tr>\r\n<td width=\"80\">C\u00f3digo<\/td>\r\n<td width=\"80\">Envase<\/td>\r\n<td width=\"80\">Capacidad<\/td>\r\n<td width=\"89\">Color<\/td>\r\n<td width=\"80\">Piezas por caja<\/td>\r\n<\/tr>\r\n<tr>\r\n<td width=\"80\">4733<\/td>\r\n<td width=\"80\">Cartucho<\/td>\r\n<td width=\"80\">300 ml<\/td>\r\n<td width=\"89\">Negro<\/td>\r\n<td width=\"80\">24 piezas<\/td>\r\n<\/tr>\r\n<tr>\r\n<td width=\"80\">4734<\/td>\r\n<td width=\"80\">Cartucho<\/td>\r\n<td width=\"80\">300 ml<\/td>\r\n<td width=\"89\">Transparente<\/td>\r\n<td width=\"80\">24 piezas<\/td>\r\n<\/tr>\r\n<\/tbody>\r\n<\/table>","_et_gb_content_width":""},"product_brand":[],"product_cat":[31],"product_tag":[],"class_list":{"0":"post-1301","1":"product","2":"type-product","3":"status-publish","4":"has-post-thumbnail","6":"product_cat-selladores","8":"first","9":"instock","10":"shipping-taxable","11":"product-type-simple"},"_links":{"self":[{"href":"https:\/\/ipresto.net\/en\/wp-json\/wp\/v2\/product\/1301","targetHints":{"allow":["GET"]}}],"collection":[{"href":"https:\/\/ipresto.net\/en\/wp-json\/wp\/v2\/product"}],"about":[{"href":"https:\/\/ipresto.net\/en\/wp-json\/wp\/v2\/types\/product"}],"replies":[{"embeddable":true,"href":"https:\/\/ipresto.net\/en\/wp-json\/wp\/v2\/comments?post=1301"}],"wp:featuredmedia":[{"embeddable":true,"href":"https:\/\/ipresto.net\/en\/wp-json\/wp\/v2\/media\/4788"}],"wp:attachment":[{"href":"https:\/\/ipresto.net\/en\/wp-json\/wp\/v2\/media?parent=1301"}],"wp:term":[{"taxonomy":"product_brand","embeddable":true,"href":"https:\/\/ipresto.net\/en\/wp-json\/wp\/v2\/product_brand?post=1301"},{"taxonomy":"product_cat","embeddable":true,"href":"https:\/\/ipresto.net\/en\/wp-json\/wp\/v2\/product_cat?post=1301"},{"taxonomy":"product_tag","embeddable":true,"href":"https:\/\/ipresto.net\/en\/wp-json\/wp\/v2\/product_tag?post=1301"}],"curies":[{"name":"wp","href":"https:\/\/api.w.org\/{rel}","templated":true}]}}