{"id":1300,"date":"2018-09-20T18:48:16","date_gmt":"2018-09-20T18:48:16","guid":{"rendered":"https:\/\/ipresto.net\/producto\/import-placeholder-for-383\/"},"modified":"2026-03-24T22:20:22","modified_gmt":"2026-03-24T22:20:22","slug":"silicon-gris-rtv","status":"publish","type":"product","link":"https:\/\/ipresto.net\/en\/product\/silicon-gris-rtv\/","title":{"rendered":"GRAY RTV SILICONE"},"content":{"rendered":"<table width=\"400\">\n<tbody>\n<tr>\n<td width=\"80\">Code<\/td>\n<td width=\"80\">Container<\/td>\n<td width=\"80\">Capacity<\/td>\n<td width=\"80\">Pieces per box<\/td>\n<td width=\"80\">Master box<\/td>\n<\/tr>\n<tr>\n<td width=\"80\">4107<\/td>\n<td width=\"80\">Tubo<\/td>\n<td width=\"80\">70 grs<\/td>\n<td width=\"80\">24 pieces<\/td>\n<td width=\"80\">96 pieces<\/td>\n<\/tr>\n<\/tbody>\n<\/table>\n<p><strong>Color gris<\/strong><\/p>","protected":false},"excerpt":{"rendered":"<h4><strong>100% Alta temperatura<\/strong><\/h4>\n<p>Uso Automotr\u00edz<br \/>\nEs ideal para sustituir juntas automotrices e industriales. Resiste temperatura de desde -70\u00b0 C a 315\u00b0 C.<\/p>\n<p>Se recomienda para formar juntas en m\u00faltiples de admisi\u00f3n y escape, termostato, carter de transmisi\u00f3n autom\u00e1tica, bomba de aceite, tapas de eje delantero y otros. Resiste grasas, aceites, anticongelantes y agua.<\/p>\n<p><img loading=\"lazy\" decoding=\"async\" class=\"grow alignnone wp-image-1604\" title=\"No se cristaliza\" src=\"https:\/\/ipresto.net\/wp-content\/uploads\/2018\/09\/NO-SE-CRISTALIZA.png\" alt=\"\" width=\"60\" height=\"66\" \/> <img loading=\"lazy\" decoding=\"async\" class=\"grow alignnone wp-image-1617\" title=\"Curado ac\u00e9tico\" src=\"https:\/\/ipresto.net\/wp-content\/uploads\/2018\/09\/CURADO-ACETICO-1.png\" alt=\"\" width=\"60\" height=\"66\" \/><a href=\"https:\/\/ipresto.net\/wp-content\/uploads\/2024\/09\/HDT-SILICON-GRIS.pdf\" target=\"_blank\" rel=\"noopener\"><img loading=\"lazy\" decoding=\"async\" class=\"grow alignright wp-image-1697\" src=\"https:\/\/ipresto.net\/wp-content\/uploads\/2019\/02\/hoja-tecnica.png\" alt=\"\" width=\"177\" height=\"80\" \/><\/a><\/p>","protected":false},"featured_media":4793,"comment_status":"closed","ping_status":"closed","template":"","meta":{"_et_pb_use_builder":"off","_et_pb_old_content":"<table width=\"400\">\r\n<tbody>\r\n<tr>\r\n<td width=\"80\">C\u00f3digo<\/td>\r\n<td width=\"80\">Envase<\/td>\r\n<td width=\"80\">Capacidad<\/td>\r\n<td width=\"80\">Piezas por caja<\/td>\r\n<td width=\"80\">Caja master<\/td>\r\n<\/tr>\r\n<tr>\r\n<td width=\"80\">4107<\/td>\r\n<td width=\"80\">Tubo<\/td>\r\n<td width=\"80\">70 grs<\/td>\r\n<td width=\"80\">24 piezas<\/td>\r\n<td width=\"80\">96 piezas<\/td>\r\n<\/tr>\r\n<\/tbody>\r\n<\/table>\r\n<strong>Color gris<\/strong>","_et_gb_content_width":""},"product_brand":[],"product_cat":[31],"product_tag":[],"class_list":{"0":"post-1300","1":"product","2":"type-product","3":"status-publish","4":"has-post-thumbnail","6":"product_cat-selladores","8":"first","9":"instock","10":"shipping-taxable","11":"product-type-simple"},"_links":{"self":[{"href":"https:\/\/ipresto.net\/en\/wp-json\/wp\/v2\/product\/1300","targetHints":{"allow":["GET"]}}],"collection":[{"href":"https:\/\/ipresto.net\/en\/wp-json\/wp\/v2\/product"}],"about":[{"href":"https:\/\/ipresto.net\/en\/wp-json\/wp\/v2\/types\/product"}],"replies":[{"embeddable":true,"href":"https:\/\/ipresto.net\/en\/wp-json\/wp\/v2\/comments?post=1300"}],"wp:featuredmedia":[{"embeddable":true,"href":"https:\/\/ipresto.net\/en\/wp-json\/wp\/v2\/media\/4793"}],"wp:attachment":[{"href":"https:\/\/ipresto.net\/en\/wp-json\/wp\/v2\/media?parent=1300"}],"wp:term":[{"taxonomy":"product_brand","embeddable":true,"href":"https:\/\/ipresto.net\/en\/wp-json\/wp\/v2\/product_brand?post=1300"},{"taxonomy":"product_cat","embeddable":true,"href":"https:\/\/ipresto.net\/en\/wp-json\/wp\/v2\/product_cat?post=1300"},{"taxonomy":"product_tag","embeddable":true,"href":"https:\/\/ipresto.net\/en\/wp-json\/wp\/v2\/product_tag?post=1300"}],"curies":[{"name":"wp","href":"https:\/\/api.w.org\/{rel}","templated":true}]}}