{"id":1298,"date":"2018-09-20T18:48:16","date_gmt":"2018-09-20T18:48:16","guid":{"rendered":"https:\/\/ipresto.net\/producto\/import-placeholder-for-375\/"},"modified":"2026-03-24T22:24:50","modified_gmt":"2026-03-24T22:24:50","slug":"silicon-rojo-rtv","status":"publish","type":"product","link":"https:\/\/ipresto.net\/en\/product\/silicon-rojo-rtv\/","title":{"rendered":"RED RTV SILICONE"},"content":{"rendered":"<table width=\"400\">\n<tbody>\n<tr>\n<td width=\"80\">Code<\/td>\n<td width=\"80\"><strong>Container<\/strong><\/td>\n<td width=\"80\"><strong>Capacity<\/strong><\/td>\n<td width=\"80\"><strong>Pieces per box\u00a0\u00a0<\/strong><\/td>\n<td width=\"80\"><strong>Master box<\/strong><\/td>\n<\/tr>\n<tr>\n<td width=\"80\">4230<\/td>\n<td width=\"80\">Cartucho<\/td>\n<td width=\"80\">300 ml<\/td>\n<td width=\"80\">24 pieces<\/td>\n<td width=\"80\"><\/td>\n<\/tr>\n<tr>\n<td width=\"80\">4207<\/td>\n<td width=\"80\">Tubo<\/td>\n<td width=\"80\">70 grs<\/td>\n<td width=\"80\">24 pieces<\/td>\n<td width=\"80\">96 pieces<\/td>\n<\/tr>\n<\/tbody>\n<\/table>\n<p><strong>Color rojo<\/strong><\/p>","protected":false},"excerpt":{"rendered":"<h4><strong>100% Alta temperatura<\/strong><\/h4>\n<p>Es un producto formulado para formar juntas durables y resistentes a altas temperaturas. Formador de juntas en sistemas de escape y m\u00faltiple de admisi\u00f3n, termostato, c\u00e1rter de transmisi\u00f3n autom\u00e1tica, bomba de aceite, bomba de agua, etc. Soporta temperaturas entre -70\u00baC y 350\u00baC.<\/p>\n<p><img loading=\"lazy\" decoding=\"async\" class=\"grow alignnone wp-image-1604\" title=\"No se cristaliza\" src=\"https:\/\/ipresto.net\/wp-content\/uploads\/2018\/09\/NO-SE-CRISTALIZA.png\" alt=\"\" width=\"60\" height=\"66\" \/> <img loading=\"lazy\" decoding=\"async\" class=\"grow alignnone wp-image-1617\" title=\"Curado ac\u00e9tico\" src=\"https:\/\/ipresto.net\/wp-content\/uploads\/2018\/09\/CURADO-ACETICO-1.png\" alt=\"\" width=\"60\" height=\"66\" \/><a href=\"https:\/\/ipresto.net\/wp-content\/uploads\/2024\/09\/HDT-SILICON-ROJO-100.pdf\" target=\"_blank\" rel=\"noopener\"><img loading=\"lazy\" decoding=\"async\" class=\"grow alignright wp-image-1697\" src=\"https:\/\/ipresto.net\/wp-content\/uploads\/2019\/02\/hoja-tecnica.png\" alt=\"\" width=\"177\" height=\"80\" \/><\/a><\/p>","protected":false},"featured_media":4804,"comment_status":"closed","ping_status":"closed","template":"","meta":{"_et_pb_use_builder":"off","_et_pb_old_content":"<table width=\"400\">\r\n<tbody>\r\n<tr>\r\n<td width=\"80\">C\u00f3digo<\/td>\r\n<td width=\"80\"><strong>Envase<\/strong><\/td>\r\n<td width=\"80\"><strong>Capacidad<\/strong><\/td>\r\n<td width=\"80\"><strong>Piezas por caja\u00a0\u00a0<\/strong><\/td>\r\n<td width=\"80\"><strong>Caja master<\/strong><\/td>\r\n<\/tr>\r\n<tr>\r\n<td width=\"80\">4230<\/td>\r\n<td width=\"80\">Cartucho<\/td>\r\n<td width=\"80\">300 ml<\/td>\r\n<td width=\"80\">24 piezas<\/td>\r\n<td width=\"80\"><\/td>\r\n<\/tr>\r\n<tr>\r\n<td width=\"80\">4207<\/td>\r\n<td width=\"80\">Tubo<\/td>\r\n<td width=\"80\">70 grs<\/td>\r\n<td width=\"80\">24 piezas<\/td>\r\n<td width=\"80\">96 piezas<\/td>\r\n<\/tr>\r\n<\/tbody>\r\n<\/table>\r\n<strong>Color rojo<\/strong>","_et_gb_content_width":""},"product_brand":[],"product_cat":[31],"product_tag":[],"class_list":{"0":"post-1298","1":"product","2":"type-product","3":"status-publish","4":"has-post-thumbnail","6":"product_cat-selladores","8":"first","9":"instock","10":"shipping-taxable","11":"product-type-simple"},"_links":{"self":[{"href":"https:\/\/ipresto.net\/en\/wp-json\/wp\/v2\/product\/1298","targetHints":{"allow":["GET"]}}],"collection":[{"href":"https:\/\/ipresto.net\/en\/wp-json\/wp\/v2\/product"}],"about":[{"href":"https:\/\/ipresto.net\/en\/wp-json\/wp\/v2\/types\/product"}],"replies":[{"embeddable":true,"href":"https:\/\/ipresto.net\/en\/wp-json\/wp\/v2\/comments?post=1298"}],"wp:featuredmedia":[{"embeddable":true,"href":"https:\/\/ipresto.net\/en\/wp-json\/wp\/v2\/media\/4804"}],"wp:attachment":[{"href":"https:\/\/ipresto.net\/en\/wp-json\/wp\/v2\/media?parent=1298"}],"wp:term":[{"taxonomy":"product_brand","embeddable":true,"href":"https:\/\/ipresto.net\/en\/wp-json\/wp\/v2\/product_brand?post=1298"},{"taxonomy":"product_cat","embeddable":true,"href":"https:\/\/ipresto.net\/en\/wp-json\/wp\/v2\/product_cat?post=1298"},{"taxonomy":"product_tag","embeddable":true,"href":"https:\/\/ipresto.net\/en\/wp-json\/wp\/v2\/product_tag?post=1298"}],"curies":[{"name":"wp","href":"https:\/\/api.w.org\/{rel}","templated":true}]}}