{"id":1297,"date":"2018-09-20T18:48:16","date_gmt":"2018-09-20T18:48:16","guid":{"rendered":"https:\/\/ipresto.net\/producto\/import-placeholder-for-373\/"},"modified":"2026-03-24T22:26:26","modified_gmt":"2026-03-24T22:26:26","slug":"sky-cril","status":"publish","type":"product","link":"https:\/\/ipresto.net\/en\/product\/sky-cril\/","title":{"rendered":"SKY CRIL"},"content":{"rendered":"<table style=\"border-collapse: collapse; width: 543px; height: 157px;\" border=\"0\" width=\"400\" cellspacing=\"0\" cellpadding=\"0\">\n<colgroup>\n<col style=\"width: 60pt;\" span=\"5\" width=\"80\" \/> <\/colgroup>\n<tbody>\n<tr style=\"height: 30.0pt;\">\n<td class=\"xl65\" style=\"height: 30.0pt; width: 60pt;\" width=\"80\" height=\"40\"><strong>Code<\/strong><\/td>\n<td class=\"xl65\" style=\"border-left: none; width: 60pt;\" width=\"80\"><strong>Container<\/strong><\/td>\n<td class=\"xl65\" style=\"border-left: none; width: 60pt;\" width=\"80\"><strong>Capacity<\/strong><\/td>\n<td class=\"xl65\" style=\"border-left: none; width: 60pt;\" width=\"80\"><strong>Color<\/strong><\/td>\n<td class=\"xl65\" style=\"border-left: none; width: 60pt;\" width=\"80\"><strong>Pieces per box<\/strong><\/td>\n<\/tr>\n<tr style=\"height: 15.0pt;\">\n<td class=\"xl66\" style=\"height: 15.0pt; border-top: none; width: 60pt;\" width=\"80\" height=\"20\">4730<\/td>\n<td class=\"xl67\" style=\"border-top: none; border-left: none; width: 60pt;\" width=\"80\">Cartucho<\/td>\n<td class=\"xl67\" style=\"border-top: none; border-left: none; width: 60pt;\" width=\"80\">300 ml<\/td>\n<td class=\"xl67\" style=\"border-top: none; border-left: none; width: 60pt;\" width=\"80\">Blanco<\/td>\n<td class=\"xl67\" style=\"border-top: none; border-left: none; width: 60pt;\" width=\"80\">24 pieces<\/td>\n<\/tr>\n<tr style=\"height: 15.0pt;\">\n<td class=\"xl66\" style=\"height: 15.0pt; border-top: none; width: 60pt;\" width=\"80\" height=\"20\">4736<\/td>\n<td class=\"xl67\" style=\"border-top: none; border-left: none; width: 60pt;\" width=\"80\">Cartucho<\/td>\n<td class=\"xl67\" style=\"border-top: none; border-left: none; width: 60pt;\" width=\"80\">300 ml<\/td>\n<td class=\"xl67\" style=\"border-top: none; border-left: none; width: 60pt;\" width=\"80\">Bronce<\/td>\n<td class=\"xl67\" style=\"border-top: none; border-left: none; width: 60pt;\" width=\"80\">24 pieces<\/td>\n<\/tr>\n<tr style=\"height: 15.0pt;\">\n<td class=\"xl66\" style=\"height: 15.0pt; border-top: none; width: 60pt;\" width=\"80\" height=\"20\">4739<\/td>\n<td class=\"xl67\" style=\"border-top: none; border-left: none; width: 60pt;\" width=\"80\">Cartucho<\/td>\n<td class=\"xl67\" style=\"border-top: none; border-left: none; width: 60pt;\" width=\"80\">300 ml<\/td>\n<td class=\"xl67\" style=\"border-top: none; border-left: none; width: 60pt;\" width=\"80\">Negro<\/td>\n<td class=\"xl67\" style=\"border-top: none; border-left: none; width: 60pt;\" width=\"80\">24 pieces<\/td>\n<\/tr>\n<tr style=\"height: 15.0pt;\">\n<td class=\"xl66\" style=\"height: 15.0pt; border-top: none; width: 60pt;\" width=\"80\" height=\"20\">4740<\/td>\n<td class=\"xl67\" style=\"border-top: none; border-left: none; width: 60pt;\" width=\"80\">Cartucho<\/td>\n<td class=\"xl67\" style=\"border-top: none; border-left: none; width: 60pt;\" width=\"80\">300 ml<\/td>\n<td class=\"xl67\" style=\"border-top: none; border-left: none; width: 60pt;\" width=\"80\">Beige<\/td>\n<td class=\"xl67\" style=\"border-top: none; border-left: none; width: 60pt;\" width=\"80\">24 pieces<\/td>\n<\/tr>\n<tr style=\"height: 15.0pt;\">\n<td class=\"xl66\" style=\"height: 15.0pt; border-top: none; width: 60pt;\" width=\"80\" height=\"20\">4744<\/td>\n<td class=\"xl67\" style=\"border-top: none; border-left: none; width: 60pt;\" width=\"80\">Cartucho<\/td>\n<td class=\"xl67\" style=\"border-top: none; border-left: none; width: 60pt;\" width=\"80\">300 ml<\/td>\n<td class=\"xl67\" style=\"border-top: none; border-left: none; width: 60pt;\" width=\"80\">Hueso<\/td>\n<td class=\"xl67\" style=\"border-top: none; border-left: none; width: 60pt;\" width=\"80\">24 pieces<\/td>\n<\/tr>\n<\/tbody>\n<\/table>\n<p>&nbsp;<\/p>","protected":false},"excerpt":{"rendered":"<h4><strong>Sellador acr\u00edlico siliconizado<\/strong><\/h4>\n<p>Contiene antihongos. Se puede lijar y pintar. Se adhiere sobre cualquier superficie.<\/p>\n<p>Sella poliestireno expandido y extru\u00eddo, per\u00edmetros de puertas, ventanas, accesorios de ba\u00f1o, muros, madera, zoclos, cenefas, molduras, etc.<\/p>\n<p><img loading=\"lazy\" decoding=\"async\" class=\"grow alignnone wp-image-1600\" title=\"No se cristaliza\" src=\"https:\/\/ipresto.net\/wp-content\/uploads\/2018\/09\/ecologico.png\" alt=\"\" width=\"60\" height=\"66\" \/> <img loading=\"lazy\" decoding=\"async\" class=\"grow alignnone wp-image-1609\" title=\"Curado ac\u00e9tico\" src=\"https:\/\/ipresto.net\/wp-content\/uploads\/2018\/09\/LIJABLE.png\" alt=\"\" width=\"60\" height=\"66\" \/><img loading=\"lazy\" decoding=\"async\" class=\"grow alignnone wp-image-1605\" title=\"Curado ac\u00e9tico\" src=\"https:\/\/ipresto.net\/wp-content\/uploads\/2018\/09\/pintable.png\" alt=\"\" width=\"60\" height=\"66\" \/><img loading=\"lazy\" decoding=\"async\" class=\"grow alignnone wp-image-1610\" title=\"Curado ac\u00e9tico\" src=\"https:\/\/ipresto.net\/wp-content\/uploads\/2018\/09\/BASE-AGUA.png\" alt=\"\" width=\"60\" height=\"66\" \/><a href=\"https:\/\/ipresto.net\/wp-content\/uploads\/2024\/09\/HDT-SKY-CRIL.pdf\" target=\"_blank\" rel=\"noopener\"><img loading=\"lazy\" decoding=\"async\" class=\"grow alignright wp-image-987\" src=\"http:\/\/www.victoriam.mx\/ipresto\/wp-content\/uploads\/2018\/07\/hoja-tecnica.png\" alt=\"\" width=\"177\" height=\"80\" \/><\/a><\/p>","protected":false},"featured_media":4807,"comment_status":"closed","ping_status":"closed","template":"","meta":{"_et_pb_use_builder":"off","_et_pb_old_content":"<table style=\"border-collapse: collapse;width: 543px;height: 157px\" border=\"0\" width=\"400\" cellspacing=\"0\" cellpadding=\"0\"><colgroup> <col style=\"width: 60pt\" span=\"5\" width=\"80\" \/> <\/colgroup>\r\n<tbody>\r\n<tr style=\"height: 30.0pt\">\r\n<td class=\"xl65\" style=\"height: 30.0pt;width: 60pt\" width=\"80\" height=\"40\"><strong>C\u00f3digo<\/strong><\/td>\r\n<td class=\"xl65\" style=\"border-left: none;width: 60pt\" width=\"80\"><strong>Envase<\/strong><\/td>\r\n<td class=\"xl65\" style=\"border-left: none;width: 60pt\" width=\"80\"><strong>Capacidad<\/strong><\/td>\r\n<td class=\"xl65\" style=\"border-left: none;width: 60pt\" width=\"80\"><strong>Color<\/strong><\/td>\r\n<td class=\"xl65\" style=\"border-left: none;width: 60pt\" width=\"80\"><strong>Piezas por caja<\/strong><\/td>\r\n<\/tr>\r\n<tr style=\"height: 15.0pt\">\r\n<td class=\"xl66\" style=\"height: 15.0pt;border-top: none;width: 60pt\" width=\"80\" height=\"20\">4730<\/td>\r\n<td class=\"xl67\" style=\"border-top: none;border-left: none;width: 60pt\" width=\"80\">Cartucho<\/td>\r\n<td class=\"xl67\" style=\"border-top: none;border-left: none;width: 60pt\" width=\"80\">300 ml<\/td>\r\n<td class=\"xl67\" style=\"border-top: none;border-left: none;width: 60pt\" width=\"80\">Blanco<\/td>\r\n<td class=\"xl67\" style=\"border-top: none;border-left: none;width: 60pt\" width=\"80\">24 piezas<\/td>\r\n<\/tr>\r\n<tr style=\"height: 15.0pt\">\r\n<td class=\"xl66\" style=\"height: 15.0pt;border-top: none;width: 60pt\" width=\"80\" height=\"20\">4736<\/td>\r\n<td class=\"xl67\" style=\"border-top: none;border-left: none;width: 60pt\" width=\"80\">Cartucho<\/td>\r\n<td class=\"xl67\" style=\"border-top: none;border-left: none;width: 60pt\" width=\"80\">300 ml<\/td>\r\n<td class=\"xl67\" style=\"border-top: none;border-left: none;width: 60pt\" width=\"80\">Bronce<\/td>\r\n<td class=\"xl67\" style=\"border-top: none;border-left: none;width: 60pt\" width=\"80\">24 piezas<\/td>\r\n<\/tr>\r\n<tr style=\"height: 15.0pt\">\r\n<td class=\"xl66\" style=\"height: 15.0pt;border-top: none;width: 60pt\" width=\"80\" height=\"20\">4739<\/td>\r\n<td class=\"xl67\" style=\"border-top: none;border-left: none;width: 60pt\" width=\"80\">Cartucho<\/td>\r\n<td class=\"xl67\" style=\"border-top: none;border-left: none;width: 60pt\" width=\"80\">300 ml<\/td>\r\n<td class=\"xl67\" style=\"border-top: none;border-left: none;width: 60pt\" width=\"80\">Negro<\/td>\r\n<td class=\"xl67\" style=\"border-top: none;border-left: none;width: 60pt\" width=\"80\">24 piezas<\/td>\r\n<\/tr>\r\n<tr style=\"height: 15.0pt\">\r\n<td class=\"xl66\" style=\"height: 15.0pt;border-top: none;width: 60pt\" width=\"80\" height=\"20\">4740<\/td>\r\n<td class=\"xl67\" style=\"border-top: none;border-left: none;width: 60pt\" width=\"80\">Cartucho<\/td>\r\n<td class=\"xl67\" style=\"border-top: none;border-left: none;width: 60pt\" width=\"80\">300 ml<\/td>\r\n<td class=\"xl67\" style=\"border-top: none;border-left: none;width: 60pt\" width=\"80\">Beige<\/td>\r\n<td class=\"xl67\" style=\"border-top: none;border-left: none;width: 60pt\" width=\"80\">24 piezas<\/td>\r\n<\/tr>\r\n<tr style=\"height: 15.0pt\">\r\n<td class=\"xl66\" style=\"height: 15.0pt;border-top: none;width: 60pt\" width=\"80\" height=\"20\">4744<\/td>\r\n<td class=\"xl67\" style=\"border-top: none;border-left: none;width: 60pt\" width=\"80\">Cartucho<\/td>\r\n<td class=\"xl67\" style=\"border-top: none;border-left: none;width: 60pt\" width=\"80\">300 ml<\/td>\r\n<td class=\"xl67\" style=\"border-top: none;border-left: none;width: 60pt\" width=\"80\">Hueso<\/td>\r\n<td class=\"xl67\" style=\"border-top: none;border-left: none;width: 60pt\" width=\"80\">24 piezas<\/td>\r\n<\/tr>\r\n<\/tbody>\r\n<\/table>","_et_gb_content_width":""},"product_brand":[],"product_cat":[31],"product_tag":[],"class_list":{"0":"post-1297","1":"product","2":"type-product","3":"status-publish","4":"has-post-thumbnail","6":"product_cat-selladores","8":"first","9":"instock","10":"shipping-taxable","11":"product-type-simple"},"_links":{"self":[{"href":"https:\/\/ipresto.net\/en\/wp-json\/wp\/v2\/product\/1297","targetHints":{"allow":["GET"]}}],"collection":[{"href":"https:\/\/ipresto.net\/en\/wp-json\/wp\/v2\/product"}],"about":[{"href":"https:\/\/ipresto.net\/en\/wp-json\/wp\/v2\/types\/product"}],"replies":[{"embeddable":true,"href":"https:\/\/ipresto.net\/en\/wp-json\/wp\/v2\/comments?post=1297"}],"wp:featuredmedia":[{"embeddable":true,"href":"https:\/\/ipresto.net\/en\/wp-json\/wp\/v2\/media\/4807"}],"wp:attachment":[{"href":"https:\/\/ipresto.net\/en\/wp-json\/wp\/v2\/media?parent=1297"}],"wp:term":[{"taxonomy":"product_brand","embeddable":true,"href":"https:\/\/ipresto.net\/en\/wp-json\/wp\/v2\/product_brand?post=1297"},{"taxonomy":"product_cat","embeddable":true,"href":"https:\/\/ipresto.net\/en\/wp-json\/wp\/v2\/product_cat?post=1297"},{"taxonomy":"product_tag","embeddable":true,"href":"https:\/\/ipresto.net\/en\/wp-json\/wp\/v2\/product_tag?post=1297"}],"curies":[{"name":"wp","href":"https:\/\/api.w.org\/{rel}","templated":true}]}}