{"id":1292,"date":"2018-09-20T18:48:16","date_gmt":"2018-09-20T18:48:16","guid":{"rendered":"https:\/\/ipresto.net\/producto\/import-placeholder-for-357\/"},"modified":"2026-03-24T21:50:51","modified_gmt":"2026-03-24T21:50:51","slug":"mastimirrors","status":"publish","type":"product","link":"https:\/\/ipresto.net\/en\/product\/mastimirrors\/","title":{"rendered":"MASTIMIRRORS"},"content":{"rendered":"<table style=\"border-collapse: collapse; width: 443px; height: 69px;\" border=\"0\" width=\"320\" cellspacing=\"0\" cellpadding=\"0\">\n<colgroup>\n<col style=\"width: 60pt;\" span=\"4\" width=\"80\" \/> <\/colgroup>\n<tbody>\n<tr style=\"height: 30.0pt;\">\n<td class=\"xl65\" style=\"height: 30.0pt; width: 60pt;\" width=\"80\" height=\"40\"><strong>Code<\/strong><\/td>\n<td class=\"xl65\" style=\"border-left: none; width: 60pt;\" width=\"80\"><strong>Container<\/strong><\/td>\n<td class=\"xl65\" style=\"border-left: none; width: 60pt;\" width=\"80\"><strong>Capacity<\/strong><\/td>\n<td class=\"xl65\" style=\"border-left: none; width: 60pt;\" width=\"80\"><strong>Pieces per box<\/strong><\/td>\n<\/tr>\n<tr style=\"height: 15.0pt;\">\n<td class=\"xl66\" style=\"height: 15.0pt; border-top: none; width: 60pt;\" width=\"80\" height=\"20\">4930<\/td>\n<td class=\"xl67\" style=\"border-top: none; border-left: none; width: 60pt;\" width=\"80\">Cartucho<\/td>\n<td class=\"xl67\" style=\"border-top: none; border-left: none; width: 60pt;\" width=\"80\">300 ml<\/td>\n<td class=\"xl67\" style=\"border-top: none; border-left: none; width: 60pt;\" width=\"80\">24 pieces<\/td>\n<\/tr>\n<\/tbody>\n<\/table>","protected":false},"excerpt":{"rendered":"<h4><strong>Pegamento para espejos decorativos<\/strong><\/h4>\n<p>Adhesivo especial para espejos. Secado r\u00e1pido y f\u00e1cil aplicaci\u00f3n. No da\u00f1a el plateado.<\/p>\n<p>Se adhiere perfectamente en la mayor\u00eda de los materiales de construcci\u00f3n: azulejos, madera, concreto, metales y poliestireno expandido (hielo seco).<\/p>\n<p><img loading=\"lazy\" decoding=\"async\" class=\"grow alignnone wp-image-1604\" title=\"No se cristaliza\" src=\"https:\/\/ipresto.net\/wp-content\/uploads\/2018\/09\/NO-SE-CRISTALIZA.png\" alt=\"\" width=\"60\" height=\"66\" \/> <img loading=\"lazy\" decoding=\"async\" class=\"grow alignnone wp-image-1606\" title=\"Base solvente\" src=\"https:\/\/ipresto.net\/wp-content\/uploads\/2018\/09\/base-solvente.png\" alt=\"\" width=\"60\" height=\"66\" \/> <img loading=\"lazy\" decoding=\"async\" class=\"grow alignnone wp-image-1603\" title=\"Secado r\u00e1pido\" src=\"https:\/\/ipresto.net\/wp-content\/uploads\/2018\/09\/secado-rapido.png\" alt=\"\" width=\"60\" height=\"66\" \/> <img loading=\"lazy\" decoding=\"async\" class=\"grow alignnone wp-image-1599\" title=\"Alta adherencia\" src=\"https:\/\/ipresto.net\/wp-content\/uploads\/2018\/09\/alta-adherencia.png\" alt=\"\" width=\"60\" height=\"66\" \/><a href=\"https:\/\/ipresto.net\/wp-content\/uploads\/2024\/09\/HDT-MASTIMIRRORS.pdf\" target=\"_blank\" rel=\"noopener\"><img loading=\"lazy\" decoding=\"async\" class=\"grow alignright wp-image-987\" src=\"http:\/\/www.victoriam.mx\/ipresto\/wp-content\/uploads\/2018\/07\/hoja-tecnica.png\" alt=\"\" width=\"177\" height=\"80\" \/><\/a><\/p>","protected":false},"featured_media":4750,"comment_status":"closed","ping_status":"closed","template":"","meta":{"_et_pb_use_builder":"off","_et_pb_old_content":"<table style=\"border-collapse: collapse;width: 443px;height: 69px\" border=\"0\" width=\"320\" cellspacing=\"0\" cellpadding=\"0\"><colgroup> <col style=\"width: 60pt\" span=\"4\" width=\"80\" \/> <\/colgroup>\r\n<tbody>\r\n<tr style=\"height: 30.0pt\">\r\n<td class=\"xl65\" style=\"height: 30.0pt;width: 60pt\" width=\"80\" height=\"40\"><strong>C\u00f3digo<\/strong><\/td>\r\n<td class=\"xl65\" style=\"border-left: none;width: 60pt\" width=\"80\"><strong>Envase<\/strong><\/td>\r\n<td class=\"xl65\" style=\"border-left: none;width: 60pt\" width=\"80\"><strong>Capacidad<\/strong><\/td>\r\n<td class=\"xl65\" style=\"border-left: none;width: 60pt\" width=\"80\"><strong>Piezas por caja<\/strong><\/td>\r\n<\/tr>\r\n<tr style=\"height: 15.0pt\">\r\n<td class=\"xl66\" style=\"height: 15.0pt;border-top: none;width: 60pt\" width=\"80\" height=\"20\">4930<\/td>\r\n<td class=\"xl67\" style=\"border-top: none;border-left: none;width: 60pt\" width=\"80\">Cartucho<\/td>\r\n<td class=\"xl67\" style=\"border-top: none;border-left: none;width: 60pt\" width=\"80\">300 ml<\/td>\r\n<td class=\"xl67\" style=\"border-top: none;border-left: none;width: 60pt\" width=\"80\">24 piezas<\/td>\r\n<\/tr>\r\n<\/tbody>\r\n<\/table>","_et_gb_content_width":""},"product_brand":[],"product_cat":[26],"product_tag":[],"class_list":{"0":"post-1292","1":"product","2":"type-product","3":"status-publish","4":"has-post-thumbnail","6":"product_cat-multiusos","8":"first","9":"instock","10":"shipping-taxable","11":"product-type-simple"},"_links":{"self":[{"href":"https:\/\/ipresto.net\/en\/wp-json\/wp\/v2\/product\/1292","targetHints":{"allow":["GET"]}}],"collection":[{"href":"https:\/\/ipresto.net\/en\/wp-json\/wp\/v2\/product"}],"about":[{"href":"https:\/\/ipresto.net\/en\/wp-json\/wp\/v2\/types\/product"}],"replies":[{"embeddable":true,"href":"https:\/\/ipresto.net\/en\/wp-json\/wp\/v2\/comments?post=1292"}],"wp:featuredmedia":[{"embeddable":true,"href":"https:\/\/ipresto.net\/en\/wp-json\/wp\/v2\/media\/4750"}],"wp:attachment":[{"href":"https:\/\/ipresto.net\/en\/wp-json\/wp\/v2\/media?parent=1292"}],"wp:term":[{"taxonomy":"product_brand","embeddable":true,"href":"https:\/\/ipresto.net\/en\/wp-json\/wp\/v2\/product_brand?post=1292"},{"taxonomy":"product_cat","embeddable":true,"href":"https:\/\/ipresto.net\/en\/wp-json\/wp\/v2\/product_cat?post=1292"},{"taxonomy":"product_tag","embeddable":true,"href":"https:\/\/ipresto.net\/en\/wp-json\/wp\/v2\/product_tag?post=1292"}],"curies":[{"name":"wp","href":"https:\/\/api.w.org\/{rel}","templated":true}]}}