{"id":1291,"date":"2018-09-20T18:48:15","date_gmt":"2018-09-20T18:48:15","guid":{"rendered":"https:\/\/ipresto.net\/producto\/import-placeholder-for-353\/"},"modified":"2026-03-24T21:58:37","modified_gmt":"2026-03-24T21:58:37","slug":"presto-filler","status":"publish","type":"product","link":"https:\/\/ipresto.net\/en\/product\/presto-filler\/","title":{"rendered":"PRESTO FILLER"},"content":{"rendered":"<table style=\"border-collapse: collapse; width: 467px; height: 104px;\" border=\"0\" width=\"320\" cellspacing=\"0\" cellpadding=\"0\">\n<colgroup>\n<col style=\"width: 60pt;\" span=\"4\" width=\"80\" \/> <\/colgroup>\n<tbody>\n<tr style=\"height: 30.0pt;\">\n<td class=\"xl65\" style=\"height: 30.0pt; width: 60pt;\" width=\"80\" height=\"40\"><strong>Code<\/strong><\/td>\n<td class=\"xl65\" style=\"border-left: none; width: 60pt;\" width=\"80\"><strong>Container<\/strong><\/td>\n<td class=\"xl65\" style=\"border-left: none; width: 60pt;\" width=\"80\"><strong>Capacity<\/strong><\/td>\n<td class=\"xl65\" style=\"border-left: none; width: 60pt;\" width=\"80\"><strong>Pieces per box<\/strong><\/td>\n<\/tr>\n<tr style=\"height: 15.0pt;\">\n<td class=\"xl66\" style=\"height: 15.0pt; border-top: none; width: 60pt;\" width=\"80\" height=\"20\">2401<\/td>\n<td class=\"xl67\" style=\"border-top: none; border-left: none; width: 60pt;\" width=\"80\">Tarro<\/td>\n<td class=\"xl67\" style=\"border-top: none; border-left: none; width: 60pt;\" width=\"80\">946 ml<\/td>\n<td class=\"xl67\" style=\"border-top: none; border-left: none; width: 60pt;\" width=\"80\">12 pieces<\/td>\n<\/tr>\n<tr style=\"height: 15.0pt;\">\n<td class=\"xl66\" style=\"height: 15.0pt; border-top: none; width: 60pt;\" width=\"80\" height=\"20\">2404<\/td>\n<td class=\"xl67\" style=\"border-top: none; border-left: none; width: 60pt;\" width=\"80\">Tarro<\/td>\n<td class=\"xl67\" style=\"border-top: none; border-left: none; width: 60pt;\" width=\"80\">236 ml<\/td>\n<td class=\"xl67\" style=\"border-top: none; border-left: none; width: 60pt;\" width=\"80\">30 pieces<\/td>\n<\/tr>\n<\/tbody>\n<\/table>","protected":false},"excerpt":{"rendered":"<h4><strong>Resanador para muros de secado r\u00e1pido<\/strong><\/h4>\n<p>Para reparar huecos, grietas y agujeros en exteriores e interiores, en superficies como: yeso, tablaroca, madera, concreto, enjarres, etc, Secado r\u00e1pido, de aplicaci\u00f3n muy suave, no se encoge, no se agrieta, ni se desmorona. Una vez seco se puede lijar y pintar con pintura vin\u00edlica y\/o de esmalte.<\/p>\n<p><img loading=\"lazy\" decoding=\"async\" class=\"grow alignnone wp-image-1609\" title=\"Lijable\" src=\"https:\/\/ipresto.net\/wp-content\/uploads\/2018\/09\/LIJABLE.png\" alt=\"\" width=\"60\" height=\"66\" \/> <img loading=\"lazy\" decoding=\"async\" class=\"grow alignnone wp-image-1600\" title=\"Ecol\u00f3gico\" src=\"https:\/\/ipresto.net\/wp-content\/uploads\/2018\/09\/ecologico.png\" alt=\"\" width=\"60\" height=\"66\" \/> <img loading=\"lazy\" decoding=\"async\" class=\"grow alignnone wp-image-1605\" title=\"Pintable\" src=\"https:\/\/ipresto.net\/wp-content\/uploads\/2018\/09\/pintable.png\" alt=\"\" width=\"60\" height=\"66\" \/> <img loading=\"lazy\" decoding=\"async\" class=\"grow alignnone wp-image-1610\" title=\"Base agua\" src=\"https:\/\/ipresto.net\/wp-content\/uploads\/2018\/09\/BASE-AGUA.png\" alt=\"\" width=\"60\" height=\"66\" \/><a href=\"https:\/\/ipresto.net\/wp-content\/uploads\/2024\/09\/HDT-PRESTO-FILLER.pdf\" target=\"_blank\" rel=\"noopener\"><img loading=\"lazy\" decoding=\"async\" class=\"grow alignright wp-image-1697\" src=\"https:\/\/ipresto.net\/wp-content\/uploads\/2019\/02\/hoja-tecnica.png\" alt=\"\" width=\"177\" height=\"80\" \/><\/a><\/p>","protected":false},"featured_media":4766,"comment_status":"closed","ping_status":"closed","template":"","meta":{"_et_pb_use_builder":"off","_et_pb_old_content":"<table style=\"border-collapse: collapse;width: 467px;height: 104px\" border=\"0\" width=\"320\" cellspacing=\"0\" cellpadding=\"0\"><colgroup> <col style=\"width: 60pt\" span=\"4\" width=\"80\" \/> <\/colgroup>\r\n<tbody>\r\n<tr style=\"height: 30.0pt\">\r\n<td class=\"xl65\" style=\"height: 30.0pt;width: 60pt\" width=\"80\" height=\"40\"><strong>C\u00f3digo<\/strong><\/td>\r\n<td class=\"xl65\" style=\"border-left: none;width: 60pt\" width=\"80\"><strong>Envase<\/strong><\/td>\r\n<td class=\"xl65\" style=\"border-left: none;width: 60pt\" width=\"80\"><strong>Capacidad<\/strong><\/td>\r\n<td class=\"xl65\" style=\"border-left: none;width: 60pt\" width=\"80\"><strong>Piezas por caja<\/strong><\/td>\r\n<\/tr>\r\n<tr style=\"height: 15.0pt\">\r\n<td class=\"xl66\" style=\"height: 15.0pt;border-top: none;width: 60pt\" width=\"80\" height=\"20\">2401<\/td>\r\n<td class=\"xl67\" style=\"border-top: none;border-left: none;width: 60pt\" width=\"80\">Tarro<\/td>\r\n<td class=\"xl67\" style=\"border-top: none;border-left: none;width: 60pt\" width=\"80\">946 ml<\/td>\r\n<td class=\"xl67\" style=\"border-top: none;border-left: none;width: 60pt\" width=\"80\">12 piezas<\/td>\r\n<\/tr>\r\n<tr style=\"height: 15.0pt\">\r\n<td class=\"xl66\" style=\"height: 15.0pt;border-top: none;width: 60pt\" width=\"80\" height=\"20\">2404<\/td>\r\n<td class=\"xl67\" style=\"border-top: none;border-left: none;width: 60pt\" width=\"80\">Tarro<\/td>\r\n<td class=\"xl67\" style=\"border-top: none;border-left: none;width: 60pt\" width=\"80\">236 ml<\/td>\r\n<td class=\"xl67\" style=\"border-top: none;border-left: none;width: 60pt\" width=\"80\">30 piezas<\/td>\r\n<\/tr>\r\n<\/tbody>\r\n<\/table>","_et_gb_content_width":""},"product_brand":[],"product_cat":[26],"product_tag":[],"class_list":{"0":"post-1291","1":"product","2":"type-product","3":"status-publish","4":"has-post-thumbnail","6":"product_cat-multiusos","8":"first","9":"instock","10":"shipping-taxable","11":"product-type-simple"},"_links":{"self":[{"href":"https:\/\/ipresto.net\/en\/wp-json\/wp\/v2\/product\/1291","targetHints":{"allow":["GET"]}}],"collection":[{"href":"https:\/\/ipresto.net\/en\/wp-json\/wp\/v2\/product"}],"about":[{"href":"https:\/\/ipresto.net\/en\/wp-json\/wp\/v2\/types\/product"}],"replies":[{"embeddable":true,"href":"https:\/\/ipresto.net\/en\/wp-json\/wp\/v2\/comments?post=1291"}],"wp:featuredmedia":[{"embeddable":true,"href":"https:\/\/ipresto.net\/en\/wp-json\/wp\/v2\/media\/4766"}],"wp:attachment":[{"href":"https:\/\/ipresto.net\/en\/wp-json\/wp\/v2\/media?parent=1291"}],"wp:term":[{"taxonomy":"product_brand","embeddable":true,"href":"https:\/\/ipresto.net\/en\/wp-json\/wp\/v2\/product_brand?post=1291"},{"taxonomy":"product_cat","embeddable":true,"href":"https:\/\/ipresto.net\/en\/wp-json\/wp\/v2\/product_cat?post=1291"},{"taxonomy":"product_tag","embeddable":true,"href":"https:\/\/ipresto.net\/en\/wp-json\/wp\/v2\/product_tag?post=1291"}],"curies":[{"name":"wp","href":"https:\/\/api.w.org\/{rel}","templated":true}]}}