{"id":1289,"date":"2018-09-20T18:48:13","date_gmt":"2018-09-20T18:48:13","guid":{"rendered":"https:\/\/ipresto.net\/producto\/import-placeholder-for-349\/"},"modified":"2026-03-24T21:54:39","modified_gmt":"2026-03-24T21:54:39","slug":"mastipren-super-clear","status":"publish","type":"product","link":"https:\/\/ipresto.net\/en\/product\/mastipren-super-clear\/","title":{"rendered":"MASTIPREN SUPER CLEAR"},"content":{"rendered":"<table style=\"border-collapse: collapse; width: 470px; height: 68px;\" border=\"0\" width=\"320\" cellspacing=\"0\" cellpadding=\"0\">\n<colgroup>\n<col style=\"width: 60pt;\" span=\"4\" width=\"80\" \/> <\/colgroup>\n<tbody>\n<tr style=\"height: 30.0pt;\">\n<td class=\"xl65\" style=\"height: 30px; width: 116.125px;\" height=\"40\"><strong>Code<\/strong><\/td>\n<td class=\"xl65\" style=\"border-left: none; width: 116.125px; height: 30px;\"><strong>Container<\/strong><\/td>\n<td class=\"xl65\" style=\"border-left: none; width: 116.125px; height: 30px;\"><strong>Capacity<\/strong><\/td>\n<td class=\"xl65\" style=\"border-left: none; width: 116.125px; height: 30px;\"><strong>Pieces per box<\/strong><\/td>\n<\/tr>\n<tr style=\"height: 23px;\">\n<td style=\"width: 116.125px; height: 23px;\"><strong>4747<\/strong><\/td>\n<td style=\"border-left: none; width: 116.125px; height: 23px;\"><strong>Cartucho<\/strong><\/td>\n<td style=\"border-left: none; width: 116.125px; height: 23px;\"><strong>250ml<\/strong><\/td>\n<td style=\"border-left: none; width: 116.125px; height: 23px;\"><strong>12 Piezas<\/strong><\/td>\n<\/tr>\n<tr style=\"height: 15.0pt;\">\n<td class=\"xl66\" style=\"height: 15px; border-top: none; width: 116.125px;\" height=\"20\">4746<\/td>\n<td class=\"xl67\" style=\"border-top: none; border-left: none; width: 116.125px; height: 15px;\">Tubo<\/td>\n<td class=\"xl67\" style=\"border-top: none; border-left: none; width: 116.125px; height: 15px;\">70g<\/td>\n<td class=\"xl67\" style=\"border-top: none; border-left: none; width: 116.125px; height: 15px;\">24 Piezas<\/td>\n<\/tr>\n<\/tbody>\n<\/table>\n<p><strong>Color transparente<\/strong><\/p>","protected":false},"excerpt":{"rendered":"<h4><strong>Pegamento\/sellador transparente flexible<\/strong><\/h4>\n<p>MASTIPREN Super Clear es un pegamento y sellador transparente y flexible de un solo componente, elaborado en base al pol\u00edmero h\u00edbrido MS. Se caracteriza por su excelente adhesi\u00f3n a m\u00faltiples materiales, incluso bajo el agua.<br \/>\nReemplaza clavos y tornillos. Sellado y pegado de vidrios, cristales, herrajes de acero inoxidable y aluminio, ba\u00f1os, cocinas y otros lugares con constante humedad. Varias aplicaciones en la industria automotriz y de transporte como la fabricaci\u00f3n de cajas refrigeradas, barcos, etc.<\/p>\n<p><img loading=\"lazy\" decoding=\"async\" class=\"grow alignnone wp-image-1604\" title=\"No se cristaliza\" src=\"https:\/\/ipresto.net\/wp-content\/uploads\/2018\/09\/NO-SE-CRISTALIZA.png\" alt=\"\" width=\"60\" height=\"66\" \/> <img loading=\"lazy\" decoding=\"async\" class=\"grow alignnone wp-image-1602\" title=\"Resistente al agua\" src=\"https:\/\/ipresto.net\/wp-content\/uploads\/2018\/09\/RESISTENTE-AL-AGUA.png\" alt=\"\" width=\"60\" height=\"66\" \/> <img loading=\"lazy\" decoding=\"async\" class=\"grow alignnone wp-image-1612\" title=\"Uso marino\" src=\"https:\/\/ipresto.net\/wp-content\/uploads\/2018\/09\/USO-MARINO.png\" alt=\"\" width=\"60\" height=\"66\" \/>\u00a0<img loading=\"lazy\" decoding=\"async\" class=\"grow alignnone wp-image-1600\" title=\"Ecol\u00f3gico\" src=\"https:\/\/ipresto.net\/wp-content\/uploads\/2018\/09\/ecologico.png\" alt=\"\" width=\"60\" height=\"66\" \/><img loading=\"lazy\" decoding=\"async\" class=\"grow alignnone wp-image-1613\" title=\"Transparente\" src=\"https:\/\/ipresto.net\/wp-content\/uploads\/2018\/09\/COLOR-TRANSPARENTE-1.png\" alt=\"\" width=\"60\" height=\"66\" \/><a href=\"https:\/\/ipresto.net\/wp-content\/uploads\/2024\/09\/HDT-MASTIPREN-SUPER-CLEAR.pdf\" target=\"_blank\" rel=\"noopener\"><img loading=\"lazy\" decoding=\"async\" class=\"grow alignright wp-image-1697\" src=\"https:\/\/ipresto.net\/wp-content\/uploads\/2019\/02\/hoja-tecnica.png\" alt=\"\" width=\"177\" height=\"80\" \/><\/a><\/p>","protected":false},"featured_media":4756,"comment_status":"closed","ping_status":"closed","template":"","meta":{"_et_pb_use_builder":"off","_et_pb_old_content":"<table style=\"border-collapse: collapse;width: 470px;height: 71px\" border=\"0\" width=\"320\" cellspacing=\"0\" cellpadding=\"0\"><colgroup> <col style=\"width: 60pt\" span=\"4\" width=\"80\" \/> <\/colgroup>\r\n<tbody>\r\n<tr style=\"height: 30.0pt\">\r\n<td class=\"xl65\" style=\"height: 30.0pt;width: 60pt\" width=\"80\" height=\"40\"><strong>C\u00f3digo<\/strong><\/td>\r\n<td class=\"xl65\" style=\"border-left: none;width: 60pt\" width=\"80\"><strong>Envase<\/strong><\/td>\r\n<td class=\"xl65\" style=\"border-left: none;width: 60pt\" width=\"80\"><strong>Capacidad<\/strong><\/td>\r\n<td class=\"xl65\" style=\"border-left: none;width: 60pt\" width=\"80\"><strong>Piezas por caja<\/strong><\/td>\r\n<\/tr>\r\n<tr style=\"height: 15.0pt\">\r\n<td class=\"xl66\" style=\"height: 15.0pt;border-top: none;width: 60pt\" width=\"80\" height=\"20\">4747<\/td>\r\n<td class=\"xl67\" style=\"border-top: none;border-left: none;width: 60pt\" width=\"80\">Cartucho<\/td>\r\n<td class=\"xl67\" style=\"border-top: none;border-left: none;width: 60pt\" width=\"80\">290ml<\/td>\r\n<td class=\"xl67\" style=\"border-top: none;border-left: none;width: 60pt\" width=\"80\">12 piezas<\/td>\r\n<\/tr>\r\n<\/tbody>\r\n<\/table>\r\n<strong>Color transparente<\/strong>","_et_gb_content_width":""},"product_brand":[],"product_cat":[26],"product_tag":[],"class_list":{"0":"post-1289","1":"product","2":"type-product","3":"status-publish","4":"has-post-thumbnail","6":"product_cat-multiusos","8":"first","9":"instock","10":"shipping-taxable","11":"product-type-simple"},"_links":{"self":[{"href":"https:\/\/ipresto.net\/en\/wp-json\/wp\/v2\/product\/1289","targetHints":{"allow":["GET"]}}],"collection":[{"href":"https:\/\/ipresto.net\/en\/wp-json\/wp\/v2\/product"}],"about":[{"href":"https:\/\/ipresto.net\/en\/wp-json\/wp\/v2\/types\/product"}],"replies":[{"embeddable":true,"href":"https:\/\/ipresto.net\/en\/wp-json\/wp\/v2\/comments?post=1289"}],"wp:featuredmedia":[{"embeddable":true,"href":"https:\/\/ipresto.net\/en\/wp-json\/wp\/v2\/media\/4756"}],"wp:attachment":[{"href":"https:\/\/ipresto.net\/en\/wp-json\/wp\/v2\/media?parent=1289"}],"wp:term":[{"taxonomy":"product_brand","embeddable":true,"href":"https:\/\/ipresto.net\/en\/wp-json\/wp\/v2\/product_brand?post=1289"},{"taxonomy":"product_cat","embeddable":true,"href":"https:\/\/ipresto.net\/en\/wp-json\/wp\/v2\/product_cat?post=1289"},{"taxonomy":"product_tag","embeddable":true,"href":"https:\/\/ipresto.net\/en\/wp-json\/wp\/v2\/product_tag?post=1289"}],"curies":[{"name":"wp","href":"https:\/\/api.w.org\/{rel}","templated":true}]}}