{"id":1288,"date":"2018-09-20T18:48:13","date_gmt":"2018-09-20T18:48:13","guid":{"rendered":"https:\/\/ipresto.net\/producto\/import-placeholder-for-344\/"},"modified":"2026-03-24T21:52:12","modified_gmt":"2026-03-24T21:52:12","slug":"mastipren","status":"publish","type":"product","link":"https:\/\/ipresto.net\/en\/product\/mastipren\/","title":{"rendered":"MASTIPREN"},"content":{"rendered":"<table style=\"border-collapse: collapse; width: 454px; height: 162px;\" border=\"0\" width=\"320\" cellspacing=\"0\" cellpadding=\"0\">\n<colgroup>\n<col style=\"width: 60pt;\" span=\"4\" width=\"80\" \/> <\/colgroup>\n<tbody>\n<tr style=\"height: 30.0pt;\">\n<td class=\"xl63\" style=\"height: 30.0pt; width: 60pt;\" width=\"80\" height=\"40\"><strong>Code<\/strong><\/td>\n<td class=\"xl63\" style=\"border-left: none; width: 60pt;\" width=\"80\"><strong>Container<\/strong><\/td>\n<td class=\"xl63\" style=\"border-left: none; width: 60pt;\" width=\"80\"><strong>Capacity<\/strong><\/td>\n<td class=\"xl63\" style=\"border-left: none; width: 60pt;\" width=\"80\"><strong>Pieces per box<\/strong><\/td>\n<\/tr>\n<tr style=\"height: 15.0pt;\">\n<td class=\"xl64\" style=\"height: 15.0pt; border-top: none; width: 60pt;\" width=\"80\" height=\"20\">4720<\/td>\n<td class=\"xl65\" style=\"border-top: none; border-left: none; width: 60pt;\" width=\"80\">Cubeta<\/td>\n<td class=\"xl65\" style=\"border-top: none; border-left: none; width: 60pt;\" width=\"80\">20 Kgs.<\/td>\n<td class=\"xl65\" style=\"border-top: none; border-left: none; width: 60pt;\" width=\"80\">1 piece<\/td>\n<\/tr>\n<tr style=\"height: 15.0pt;\">\n<td class=\"xl64\" style=\"height: 15.0pt; border-top: none; width: 60pt;\" width=\"80\" height=\"20\">4726<\/td>\n<td class=\"xl65\" style=\"border-top: none; border-left: none; width: 60pt;\" width=\"80\">Can<\/td>\n<td class=\"xl65\" style=\"border-top: none; border-left: none; width: 60pt;\" width=\"80\">4.3 Kgs.<\/td>\n<td class=\"xl65\" style=\"border-top: none; border-left: none; width: 60pt;\" width=\"80\">4 pieces<\/td>\n<\/tr>\n<tr style=\"height: 15.0pt;\">\n<td class=\"xl64\" style=\"height: 15.0pt; border-top: none; width: 60pt;\" width=\"80\" height=\"20\">4732<\/td>\n<td class=\"xl65\" style=\"border-top: none; border-left: none; width: 60pt;\" width=\"80\">Cartucho<\/td>\n<td class=\"xl65\" style=\"border-top: none; border-left: none; width: 60pt;\" width=\"80\">300 ml<\/td>\n<td class=\"xl65\" style=\"border-top: none; border-left: none; width: 60pt;\" width=\"80\">24 pieces<\/td>\n<\/tr>\n<tr style=\"height: 15.0pt;\">\n<td class=\"xl64\" style=\"height: 15.0pt; border-top: none; width: 60pt;\" width=\"80\" height=\"20\">4737<\/td>\n<td class=\"xl65\" style=\"border-top: none; border-left: none; width: 60pt;\" width=\"80\">Tubo<\/td>\n<td class=\"xl65\" style=\"border-top: none; border-left: none; width: 60pt;\" width=\"80\">70 grs.<\/td>\n<td class=\"xl65\" style=\"border-top: none; border-left: none; width: 60pt;\" width=\"80\">30 pieces<\/td>\n<\/tr>\n<tr style=\"height: 15.0pt;\">\n<td class=\"xl64\" style=\"height: 15.0pt; border-top: none; width: 60pt;\" width=\"80\" height=\"20\">4723<\/td>\n<td class=\"xl65\" style=\"border-top: none; border-left: none; width: 60pt;\" width=\"80\">Tubo<\/td>\n<td class=\"xl65\" style=\"border-top: none; border-left: none; width: 60pt;\" width=\"80\">30 grs.<\/td>\n<td class=\"xl65\" style=\"border-top: none; border-left: none; width: 60pt;\" width=\"80\">30 pieces<\/td>\n<\/tr>\n<\/tbody>\n<\/table>","protected":false},"excerpt":{"rendered":"<h4><strong>Poderoso pegamento multiusos<\/strong><\/h4>\n<h5>Sin clavos y sin tornillos<\/h5>\n<p>Extraordinario adhesivo con alto contenido de s\u00f3lidos, con consistencia similar a la del mastique. Posee la m\u00e1s avanzada tecnolog\u00eda y ha venido a revolucionar los sistemas tradicionales de fijaci\u00f3n. Mastipren es altamente efectivo en la uni\u00f3n de los materiales m\u00e1s com\u00fanmente usados en la construcci\u00f3n.<br \/>\nPega: madera, acero, concreto, yeso, aluminio, aglomerado, tablaroca, cantera, piedra, barro, cer\u00e1mica, pl\u00e1sticos, PVC, etc.<br \/>\nSu resistencia al despegue es de 45 kg\/cm\u00b2<\/p>\n<p><img loading=\"lazy\" decoding=\"async\" class=\"grow alignnone wp-image-1604\" title=\"No se cristaliza\" src=\"https:\/\/ipresto.net\/wp-content\/uploads\/2018\/09\/NO-SE-CRISTALIZA.png\" alt=\"\" width=\"60\" height=\"66\" \/> <img loading=\"lazy\" decoding=\"async\" class=\"grow alignnone wp-image-1599\" title=\"Alta adherencia\" src=\"https:\/\/ipresto.net\/wp-content\/uploads\/2018\/09\/alta-adherencia.png\" alt=\"\" width=\"60\" height=\"66\" \/> <img loading=\"lazy\" decoding=\"async\" class=\"grow alignnone wp-image-1603\" title=\"Secado r\u00e1pido\" src=\"https:\/\/ipresto.net\/wp-content\/uploads\/2018\/09\/secado-rapido.png\" alt=\"\" width=\"60\" height=\"66\" \/> <img loading=\"lazy\" decoding=\"async\" class=\"grow alignnone wp-image-1606\" title=\"Base solvente\" src=\"https:\/\/ipresto.net\/wp-content\/uploads\/2018\/09\/base-solvente.png\" alt=\"\" width=\"60\" height=\"66\" \/>\u00a0<img loading=\"lazy\" decoding=\"async\" class=\"grow alignnone wp-image-1611\" title=\"Uso interior y exterior\" src=\"https:\/\/ipresto.net\/wp-content\/uploads\/2018\/09\/uso-interior-y-exterior.png\" alt=\"\" width=\"60\" height=\"66\" \/><a href=\"https:\/\/ipresto.net\/wp-content\/uploads\/2024\/09\/HDT-MASTIPREN.pdf\" target=\"_blank\" rel=\"noopener\"><img loading=\"lazy\" decoding=\"async\" class=\"grow alignright wp-image-1697\" src=\"https:\/\/ipresto.net\/wp-content\/uploads\/2019\/02\/hoja-tecnica.png\" alt=\"\" width=\"177\" height=\"80\" \/><\/a><\/p>","protected":false},"featured_media":4751,"comment_status":"closed","ping_status":"closed","template":"","meta":{"_et_pb_use_builder":"off","_et_pb_old_content":"<table style=\"border-collapse: collapse;width: 454px;height: 162px\" border=\"0\" width=\"320\" cellspacing=\"0\" cellpadding=\"0\"><colgroup> <col style=\"width: 60pt\" span=\"4\" width=\"80\" \/> <\/colgroup>\r\n<tbody>\r\n<tr style=\"height: 30.0pt\">\r\n<td class=\"xl63\" style=\"height: 30.0pt;width: 60pt\" width=\"80\" height=\"40\"><strong>C\u00f3digo<\/strong><\/td>\r\n<td class=\"xl63\" style=\"border-left: none;width: 60pt\" width=\"80\"><strong>Envase<\/strong><\/td>\r\n<td class=\"xl63\" style=\"border-left: none;width: 60pt\" width=\"80\"><strong>Capacidad<\/strong><\/td>\r\n<td class=\"xl63\" style=\"border-left: none;width: 60pt\" width=\"80\"><strong>Piezas por caja<\/strong><\/td>\r\n<\/tr>\r\n<tr style=\"height: 15.0pt\">\r\n<td class=\"xl64\" style=\"height: 15.0pt;border-top: none;width: 60pt\" width=\"80\" height=\"20\">4720<\/td>\r\n<td class=\"xl65\" style=\"border-top: none;border-left: none;width: 60pt\" width=\"80\">Cubeta<\/td>\r\n<td class=\"xl65\" style=\"border-top: none;border-left: none;width: 60pt\" width=\"80\">20 Kgs.<\/td>\r\n<td class=\"xl65\" style=\"border-top: none;border-left: none;width: 60pt\" width=\"80\">1 pieza<\/td>\r\n<\/tr>\r\n<tr style=\"height: 15.0pt\">\r\n<td class=\"xl64\" style=\"height: 15.0pt;border-top: none;width: 60pt\" width=\"80\" height=\"20\">4726<\/td>\r\n<td class=\"xl65\" style=\"border-top: none;border-left: none;width: 60pt\" width=\"80\">Lata<\/td>\r\n<td class=\"xl65\" style=\"border-top: none;border-left: none;width: 60pt\" width=\"80\">4.3 Kgs.<\/td>\r\n<td class=\"xl65\" style=\"border-top: none;border-left: none;width: 60pt\" width=\"80\">4 piezas<\/td>\r\n<\/tr>\r\n<tr style=\"height: 15.0pt\">\r\n<td class=\"xl64\" style=\"height: 15.0pt;border-top: none;width: 60pt\" width=\"80\" height=\"20\">4732<\/td>\r\n<td class=\"xl65\" style=\"border-top: none;border-left: none;width: 60pt\" width=\"80\">Cartucho<\/td>\r\n<td class=\"xl65\" style=\"border-top: none;border-left: none;width: 60pt\" width=\"80\">300 ml<\/td>\r\n<td class=\"xl65\" style=\"border-top: none;border-left: none;width: 60pt\" width=\"80\">24 piezas<\/td>\r\n<\/tr>\r\n<tr style=\"height: 15.0pt\">\r\n<td class=\"xl64\" style=\"height: 15.0pt;border-top: none;width: 60pt\" width=\"80\" height=\"20\">4737<\/td>\r\n<td class=\"xl65\" style=\"border-top: none;border-left: none;width: 60pt\" width=\"80\">Tubo<\/td>\r\n<td class=\"xl65\" style=\"border-top: none;border-left: none;width: 60pt\" width=\"80\">70 grs.<\/td>\r\n<td class=\"xl65\" style=\"border-top: none;border-left: none;width: 60pt\" width=\"80\">30 piezas<\/td>\r\n<\/tr>\r\n<tr style=\"height: 15.0pt\">\r\n<td class=\"xl64\" style=\"height: 15.0pt;border-top: none;width: 60pt\" width=\"80\" height=\"20\">4723<\/td>\r\n<td class=\"xl65\" style=\"border-top: none;border-left: none;width: 60pt\" width=\"80\">Tubo<\/td>\r\n<td class=\"xl65\" style=\"border-top: none;border-left: none;width: 60pt\" width=\"80\">300 grs.<\/td>\r\n<td class=\"xl65\" style=\"border-top: none;border-left: none;width: 60pt\" width=\"80\">30 piezas<\/td>\r\n<\/tr>\r\n<\/tbody>\r\n<\/table>","_et_gb_content_width":""},"product_brand":[],"product_cat":[26],"product_tag":[],"class_list":{"0":"post-1288","1":"product","2":"type-product","3":"status-publish","4":"has-post-thumbnail","6":"product_cat-multiusos","8":"first","9":"instock","10":"shipping-taxable","11":"product-type-simple"},"_links":{"self":[{"href":"https:\/\/ipresto.net\/en\/wp-json\/wp\/v2\/product\/1288","targetHints":{"allow":["GET"]}}],"collection":[{"href":"https:\/\/ipresto.net\/en\/wp-json\/wp\/v2\/product"}],"about":[{"href":"https:\/\/ipresto.net\/en\/wp-json\/wp\/v2\/types\/product"}],"replies":[{"embeddable":true,"href":"https:\/\/ipresto.net\/en\/wp-json\/wp\/v2\/comments?post=1288"}],"wp:featuredmedia":[{"embeddable":true,"href":"https:\/\/ipresto.net\/en\/wp-json\/wp\/v2\/media\/4751"}],"wp:attachment":[{"href":"https:\/\/ipresto.net\/en\/wp-json\/wp\/v2\/media?parent=1288"}],"wp:term":[{"taxonomy":"product_brand","embeddable":true,"href":"https:\/\/ipresto.net\/en\/wp-json\/wp\/v2\/product_brand?post=1288"},{"taxonomy":"product_cat","embeddable":true,"href":"https:\/\/ipresto.net\/en\/wp-json\/wp\/v2\/product_cat?post=1288"},{"taxonomy":"product_tag","embeddable":true,"href":"https:\/\/ipresto.net\/en\/wp-json\/wp\/v2\/product_tag?post=1288"}],"curies":[{"name":"wp","href":"https:\/\/api.w.org\/{rel}","templated":true}]}}