{"id":1269,"date":"2018-09-20T18:48:12","date_gmt":"2018-09-20T18:48:12","guid":{"rendered":"https:\/\/ipresto.net\/producto\/import-placeholder-for-274\/"},"modified":"2018-09-20T18:48:13","modified_gmt":"2018-09-20T18:48:13","slug":"mortero","status":"publish","type":"product","link":"https:\/\/ipresto.net\/en\/product\/mortero\/","title":{"rendered":"<b>MORTERO<\/b>"},"content":{"rendered":"<p>Tarro 800g<br \/>\nCubeta 3kg<br \/>\nSaco 25kg<\/p>","protected":false},"excerpt":{"rendered":"<p><a href=\"http:\/\/www.victoriam.mx\/ipresto\/wp-content\/uploads\/2018\/07\/hidrolock.png\"><img loading=\"lazy\" decoding=\"async\" class=\"wp-image-268 size-medium aligncenter\" src=\"http:\/\/www.victoriam.mx\/ipresto\/wp-content\/uploads\/2018\/07\/hidrolock-300x187.png\" alt=\"\" width=\"300\" height=\"187\" srcset=\"https:\/\/ipresto.net\/wp-content\/uploads\/2018\/07\/hidrolock-300x187.png 300w, https:\/\/ipresto.net\/wp-content\/uploads\/2018\/07\/hidrolock-400x250.png 400w, https:\/\/ipresto.net\/wp-content\/uploads\/2018\/07\/hidrolock.png 516w\" sizes=\"(max-width: 300px) 100vw, 300px\" \/><\/a><\/p>\n<h4><strong>Mortero de reparaci\u00f3n fibratado<\/strong><\/h4>\n<p>Producto reforzado para la reparaci\u00f3n de pisos y muros. No se agrieta ni se contrae y es impermeable al agua, por lo que es ideal para la restauraci\u00f3n de zonas h\u00famedas. Puede usarse sobre todos los materiales comunes de construcci\u00f3n. Previene el salitre.<\/p>","protected":false},"featured_media":875,"comment_status":"closed","ping_status":"closed","template":"","meta":{"_et_pb_use_builder":"","_et_pb_old_content":"","_et_gb_content_width":""},"product_brand":[],"product_cat":[25],"product_tag":[],"class_list":{"0":"post-1269","1":"product","2":"type-product","3":"status-publish","4":"has-post-thumbnail","6":"product_cat-hidrolock","8":"first","9":"instock","10":"shipping-taxable","11":"product-type-simple"},"_links":{"self":[{"href":"https:\/\/ipresto.net\/en\/wp-json\/wp\/v2\/product\/1269","targetHints":{"allow":["GET"]}}],"collection":[{"href":"https:\/\/ipresto.net\/en\/wp-json\/wp\/v2\/product"}],"about":[{"href":"https:\/\/ipresto.net\/en\/wp-json\/wp\/v2\/types\/product"}],"replies":[{"embeddable":true,"href":"https:\/\/ipresto.net\/en\/wp-json\/wp\/v2\/comments?post=1269"}],"wp:featuredmedia":[{"embeddable":true,"href":"https:\/\/ipresto.net\/en\/wp-json\/wp\/v2\/media\/875"}],"wp:attachment":[{"href":"https:\/\/ipresto.net\/en\/wp-json\/wp\/v2\/media?parent=1269"}],"wp:term":[{"taxonomy":"product_brand","embeddable":true,"href":"https:\/\/ipresto.net\/en\/wp-json\/wp\/v2\/product_brand?post=1269"},{"taxonomy":"product_cat","embeddable":true,"href":"https:\/\/ipresto.net\/en\/wp-json\/wp\/v2\/product_cat?post=1269"},{"taxonomy":"product_tag","embeddable":true,"href":"https:\/\/ipresto.net\/en\/wp-json\/wp\/v2\/product_tag?post=1269"}],"curies":[{"name":"wp","href":"https:\/\/api.w.org\/{rel}","templated":true}]}}