{"id":1266,"date":"2018-09-20T18:48:11","date_gmt":"2018-09-20T18:48:11","guid":{"rendered":"https:\/\/ipresto.net\/producto\/import-placeholder-for-260\/"},"modified":"2026-03-17T18:29:58","modified_gmt":"2026-03-17T18:29:58","slug":"carpenters","status":"publish","type":"product","link":"https:\/\/ipresto.net\/en\/product\/carpenters\/","title":{"rendered":"CARPENTERS"},"content":{"rendered":"<table width=\"417\">\n<tbody>\n<tr>\n<td width=\"80\"><strong>Code<\/strong><\/td>\n<td width=\"80\"><strong>Container<\/strong><\/td>\n<td width=\"80\"><strong>Capacity<\/strong><\/td>\n<td width=\"97\"><strong>Pieces per box<\/strong><\/td>\n<td width=\"80\"><strong>Master box<\/strong><\/td>\n<\/tr>\n<tr>\n<td>0720<\/td>\n<td>Drum<\/td>\n<td>200 Kgs.<\/td>\n<td>1 piece<\/td>\n<td><\/td>\n<\/tr>\n<tr>\n<td>0718<\/td>\n<td>Cubeta<\/td>\n<td>18 Kgs.<\/td>\n<td>1 piece<\/td>\n<td><\/td>\n<\/tr>\n<tr>\n<td>0714<\/td>\n<td>Garrafon<\/td>\n<td>4Kgs.<\/td>\n<td>4 pieces<\/td>\n<td><\/td>\n<\/tr>\n<tr>\n<td>0701<\/td>\n<td>Frasco<\/td>\n<td>1Kg.<\/td>\n<td>12 pieces<\/td>\n<td><\/td>\n<\/tr>\n<tr>\n<td>0702<\/td>\n<td>Frasco<\/td>\n<td>500 grs.<\/td>\n<td>12 pieces<\/td>\n<td>48 pieces<\/td>\n<\/tr>\n<tr>\n<td>0704<\/td>\n<td>Frasco<\/td>\n<td>250 grs.<\/td>\n<td>20 piezas<\/td>\n<td>80 piezas<\/td>\n<\/tr>\n<\/tbody>\n<\/table>","protected":false},"excerpt":{"rendered":"<h4><strong>Extra fuerte<\/strong><\/h4>\n<h5>Secado r\u00e1pido y transparente<\/h5>\n<p>CALIDAD INSUPERABLE. VERDADERAMENTE ESPECIAL<br \/>\nPega papel, cart\u00f3n, maderas, triplay, aglomerado, telas, corcho, fibracel.<br \/>\nExcelente adherencia, acabado transparente, secado r\u00e1pido.<br \/>\nIdeal para la fabricaci\u00f3n de muebles de madera y artesan\u00edas, ademas tiene buena resistencia al agua y a los climas fr\u00edos.<\/p>\n<p><img loading=\"lazy\" decoding=\"async\" class=\"grow alignnone wp-image-1609\" title=\"Lijable\" src=\"https:\/\/ipresto.net\/wp-content\/uploads\/2018\/09\/LIJABLE.png\" alt=\"\" width=\"60\" height=\"66\" \/> <img loading=\"lazy\" decoding=\"async\" class=\"grow alignnone wp-image-1603\" title=\"Secado r\u00e1pido\" src=\"https:\/\/ipresto.net\/wp-content\/uploads\/2018\/09\/secado-rapido.png\" alt=\"\" width=\"60\" height=\"66\" \/> <img loading=\"lazy\" decoding=\"async\" class=\"grow alignnone wp-image-1605\" title=\"Pintable\" src=\"https:\/\/ipresto.net\/wp-content\/uploads\/2018\/09\/pintable.png\" alt=\"\" width=\"60\" height=\"66\" \/> <img loading=\"lazy\" decoding=\"async\" class=\"grow alignnone wp-image-1610\" title=\"Base agua\" src=\"https:\/\/ipresto.net\/wp-content\/uploads\/2018\/09\/BASE-AGUA.png\" alt=\"\" width=\"60\" height=\"66\" \/><a href=\"https:\/\/ipresto.net\/wp-content\/uploads\/2024\/09\/HDT-PRESTO-CARPENTERS.pdf\" target=\"_blank\" rel=\"noopener\"><img loading=\"lazy\" decoding=\"async\" class=\"grow alignright wp-image-1697\" src=\"https:\/\/ipresto.net\/wp-content\/uploads\/2019\/02\/hoja-tecnica.png\" alt=\"\" width=\"177\" height=\"80\" \/><\/a><\/p>","protected":false},"featured_media":4655,"comment_status":"closed","ping_status":"closed","template":"","meta":{"_et_pb_use_builder":"off","_et_pb_old_content":"<table width=\"417\">\r\n<tbody>\r\n<tr>\r\n<td width=\"80\"><strong>C\u00f3digo<\/strong><\/td>\r\n<td width=\"80\"><strong>Envase<\/strong><\/td>\r\n<td width=\"80\"><strong>Capacidad<\/strong><\/td>\r\n<td width=\"97\"><strong>Piezas por caja<\/strong><\/td>\r\n<td width=\"80\"><strong>Caja master<\/strong><\/td>\r\n<\/tr>\r\n<tr>\r\n<td>0720<\/td>\r\n<td>Tambor<\/td>\r\n<td>200 Kgs.<\/td>\r\n<td>1 pieza<\/td>\r\n<td><\/td>\r\n<\/tr>\r\n<tr>\r\n<td>0718<\/td>\r\n<td>Cubeta<\/td>\r\n<td>18 Kgs.<\/td>\r\n<td>1 pieza<\/td>\r\n<td><\/td>\r\n<\/tr>\r\n<tr>\r\n<td>0714<\/td>\r\n<td>Garrafon<\/td>\r\n<td>4Kgs.<\/td>\r\n<td>4 piezas<\/td>\r\n<td><\/td>\r\n<\/tr>\r\n<tr>\r\n<td>0701<\/td>\r\n<td>Frasco<\/td>\r\n<td>1Kg.<\/td>\r\n<td>12 piezas<\/td>\r\n<td><\/td>\r\n<\/tr>\r\n<tr>\r\n<td>0702<\/td>\r\n<td>Frasco<\/td>\r\n<td>500 grs.<\/td>\r\n<td>12 piezas<\/td>\r\n<td>48 piezas<\/td>\r\n<\/tr>\r\n<tr>\r\n<td>0704<\/td>\r\n<td>Frasco<\/td>\r\n<td>250 grs.<\/td>\r\n<td>20 piezas<\/td>\r\n<td>80 piezas<\/td>\r\n<\/tr>\r\n<\/tbody>\r\n<\/table>","_et_gb_content_width":""},"product_brand":[],"product_cat":[27],"product_tag":[],"class_list":{"0":"post-1266","1":"product","2":"type-product","3":"status-publish","4":"has-post-thumbnail","6":"product_cat-para-madera","8":"first","9":"instock","10":"shipping-taxable","11":"product-type-simple"},"_links":{"self":[{"href":"https:\/\/ipresto.net\/en\/wp-json\/wp\/v2\/product\/1266","targetHints":{"allow":["GET"]}}],"collection":[{"href":"https:\/\/ipresto.net\/en\/wp-json\/wp\/v2\/product"}],"about":[{"href":"https:\/\/ipresto.net\/en\/wp-json\/wp\/v2\/types\/product"}],"replies":[{"embeddable":true,"href":"https:\/\/ipresto.net\/en\/wp-json\/wp\/v2\/comments?post=1266"}],"wp:featuredmedia":[{"embeddable":true,"href":"https:\/\/ipresto.net\/en\/wp-json\/wp\/v2\/media\/4655"}],"wp:attachment":[{"href":"https:\/\/ipresto.net\/en\/wp-json\/wp\/v2\/media?parent=1266"}],"wp:term":[{"taxonomy":"product_brand","embeddable":true,"href":"https:\/\/ipresto.net\/en\/wp-json\/wp\/v2\/product_brand?post=1266"},{"taxonomy":"product_cat","embeddable":true,"href":"https:\/\/ipresto.net\/en\/wp-json\/wp\/v2\/product_cat?post=1266"},{"taxonomy":"product_tag","embeddable":true,"href":"https:\/\/ipresto.net\/en\/wp-json\/wp\/v2\/product_tag?post=1266"}],"curies":[{"name":"wp","href":"https:\/\/api.w.org\/{rel}","templated":true}]}}