{"id":1265,"date":"2018-09-20T18:48:11","date_gmt":"2018-09-20T18:48:11","guid":{"rendered":"https:\/\/ipresto.net\/producto\/import-placeholder-for-256\/"},"modified":"2026-03-24T21:33:53","modified_gmt":"2026-03-24T21:33:53","slug":"presto-sellac","status":"publish","type":"product","link":"https:\/\/ipresto.net\/en\/product\/presto-sellac\/","title":{"rendered":"PRESTO SELLAC"},"content":{"rendered":"<table width=\"269\">\n<tbody>\n<tr>\n<td width=\"50\"><strong>Code<\/strong><\/td>\n<td width=\"50\"><strong>Container<\/strong><\/td>\n<td width=\"94\"><strong>Capacity<\/strong><\/td>\n<td width=\"75\"><strong>Pzas. x caja<\/strong><\/td>\n<\/tr>\n<tr>\n<td>1108<\/td>\n<td>Can<\/td>\n<td>118 ml.<\/td>\n<td>40 piezas<\/td>\n<\/tr>\n<tr>\n<td>1106<\/td>\n<td>Tubo<\/td>\n<td>60 ml.<\/td>\n<td>30 pieces<\/td>\n<\/tr>\n<\/tbody>\n<\/table>","protected":false},"excerpt":{"rendered":"<h4><strong>Sellador de roscas de polipropileno y de metal<\/strong><\/h4>\n<p>Especial para tuber\u00edas de polipropileno y tuber\u00edas de metal (galvanizadas). Resistentes a alta presi\u00f3n y agua caliente. Rellena la holgura entre la rosca macho y la hembra.<\/p>\n<p><img loading=\"lazy\" decoding=\"async\" class=\"grow alignnone wp-image-1606\" title=\"Base solvente\" src=\"https:\/\/ipresto.net\/wp-content\/uploads\/2018\/09\/base-solvente.png\" alt=\"\" width=\"60\" height=\"66\" \/> <img loading=\"lazy\" decoding=\"async\" class=\"grow alignnone wp-image-1603\" title=\"Secado r\u00e1pido\" src=\"https:\/\/ipresto.net\/wp-content\/uploads\/2018\/09\/secado-rapido.png\" alt=\"\" width=\"60\" height=\"66\" \/><a href=\"https:\/\/ipresto.net\/wp-content\/uploads\/2024\/09\/HDT-PRESTO-SELLAC.pdf\" target=\"_blank\" rel=\"noopener\"><img loading=\"lazy\" decoding=\"async\" class=\"grow alignright wp-image-1697\" src=\"https:\/\/ipresto.net\/wp-content\/uploads\/2019\/02\/hoja-tecnica.png\" alt=\"\" width=\"177\" height=\"80\" \/><\/a><\/p>","protected":false},"featured_media":4724,"comment_status":"closed","ping_status":"closed","template":"","meta":{"_et_pb_use_builder":"off","_et_pb_old_content":"<table width=\"269\">\r\n<tbody>\r\n<tr>\r\n<td width=\"50\"><strong>C\u00f3digo<\/strong><\/td>\r\n<td width=\"50\"><strong>Envase<\/strong><\/td>\r\n<td width=\"94\"><strong>Capacidad<\/strong><\/td>\r\n<td width=\"75\"><strong>Pzas. x caja<\/strong><\/td>\r\n<\/tr>\r\n<tr>\r\n<td>1108<\/td>\r\n<td>Lata<\/td>\r\n<td>118 ml.<\/td>\r\n<td>40 piezas<\/td>\r\n<\/tr>\r\n<tr>\r\n<td>1106<\/td>\r\n<td>Tubo<\/td>\r\n<td>60 ml.<\/td>\r\n<td>30 piezas<\/td>\r\n<\/tr>\r\n<\/tbody>\r\n<\/table>","_et_gb_content_width":""},"product_brand":[],"product_cat":[29],"product_tag":[],"class_list":{"0":"post-1265","1":"product","2":"type-product","3":"status-publish","4":"has-post-thumbnail","6":"product_cat-plomeria","8":"first","9":"instock","10":"shipping-taxable","11":"product-type-simple"},"_links":{"self":[{"href":"https:\/\/ipresto.net\/en\/wp-json\/wp\/v2\/product\/1265","targetHints":{"allow":["GET"]}}],"collection":[{"href":"https:\/\/ipresto.net\/en\/wp-json\/wp\/v2\/product"}],"about":[{"href":"https:\/\/ipresto.net\/en\/wp-json\/wp\/v2\/types\/product"}],"replies":[{"embeddable":true,"href":"https:\/\/ipresto.net\/en\/wp-json\/wp\/v2\/comments?post=1265"}],"wp:featuredmedia":[{"embeddable":true,"href":"https:\/\/ipresto.net\/en\/wp-json\/wp\/v2\/media\/4724"}],"wp:attachment":[{"href":"https:\/\/ipresto.net\/en\/wp-json\/wp\/v2\/media?parent=1265"}],"wp:term":[{"taxonomy":"product_brand","embeddable":true,"href":"https:\/\/ipresto.net\/en\/wp-json\/wp\/v2\/product_brand?post=1265"},{"taxonomy":"product_cat","embeddable":true,"href":"https:\/\/ipresto.net\/en\/wp-json\/wp\/v2\/product_cat?post=1265"},{"taxonomy":"product_tag","embeddable":true,"href":"https:\/\/ipresto.net\/en\/wp-json\/wp\/v2\/product_tag?post=1265"}],"curies":[{"name":"wp","href":"https:\/\/api.w.org\/{rel}","templated":true}]}}